{"id":5565,"date":"2026-03-04T17:39:15","date_gmt":"2026-03-04T17:39:15","guid":{"rendered":"https:\/\/agavestyle.mx\/?post_type=product&#038;p=5565"},"modified":"2026-04-20T23:04:10","modified_gmt":"2026-04-20T23:04:10","slug":"2-x-1-mezcal-sierpe-negra-ancestral-espadin-45-alc-vol","status":"publish","type":"product","link":"https:\/\/agavestyle.mx\/en\/product\/2-x-1-mezcal-sierpe-negra-ancestral-espadin-45-alc-vol\/","title":{"rendered":"Mezcal Sierpe Negra Ancestral Espad\u00edn 45% Alc. Vol."},"content":{"rendered":"<p>Promoci\u00f3n<br \/>\nCompra 1 y llevate otra botella completamente gratis<\/p>\n<p>&#8211; Cristalino, brillante con matices plateados.<\/p>\n<p>On the Nose<br \/>\n&#8211; Notas Bals\u00e1micas, Eucalipto, An\u00eds de Cerro, Manzana y Chabacano Desecados, C\u00e1scara de Naranja Cristalizada, Pi\u00f1a Asada, Lim\u00f3n Amarillo, Toques de Laurel, Romero y Pimienta Negra, Camote de Cerro, Hoja de Pl\u00e1tano y Cuero. Ahumado Medio-R\u00fastico, Madera de Mezquite, Balanceado. Mineralidad: Agua de C\u00e1ntaro (BarroMojado) al Mezquite de Le\u00f1a<\/p>\n<p>On the Palate<br \/>\n&#8211; En Boca recuerda el Cuero y Toques de Tabaco con un final Especiado, Notas de Fruta Desecada, Complejidad Media-Alta Final Mineral, tierra h\u00fameda y ahumado intenso<\/p>","protected":false},"excerpt":{"rendered":"<p>Promoci\u00f3n Compra 1 y llevate otra botella completamente gratis &#8211; Cristalino, brillante con matices plateados. Al Olfato &#8211; Notas Bals\u00e1micas, Eucalipto, An\u00eds de Cerro, Manzana y Chabacano Desecados, C\u00e1scara de Naranja Cristalizada, Pi\u00f1a Asada, Lim\u00f3n Amarillo, Toques de Laurel, Romero y Pimienta Negra, Camote de Cerro, Hoja de Pl\u00e1tano y Cuero. Ahumado Medio-R\u00fastico, Madera de [&hellip;]<\/p>\n","protected":false},"featured_media":3725,"comment_status":"open","ping_status":"closed","template":"","meta":[],"product_brand":[],"product_cat":[56],"product_tag":[45],"class_list":{"0":"post-5565","1":"product","2":"type-product","3":"status-publish","4":"has-post-thumbnail","6":"product_cat-sierpe-negra-mezcal","7":"product_tag-sierpe-negra","8":"pa_grados-de-alcohol-51","9":"pa_marca-sierpe-negra","10":"pa_ml-l-750-ml","12":"first","13":"instock","14":"shipping-taxable","15":"purchasable","16":"product-type-simple"},"yoast_head":"<!-- This site is optimized with the Yoast SEO plugin v27.5 - https:\/\/yoast.com\/product\/yoast-seo-wordpress\/ -->\n<title>Mezcal Sierpe Negra Ancestral Espad\u00edn 45% Alc. Vol. - Agave Style<\/title>\n<meta name=\"robots\" content=\"index, follow, max-snippet:-1, max-image-preview:large, max-video-preview:-1\" \/>\n<link rel=\"canonical\" href=\"https:\/\/agavestyle.mx\/en\/product\/2-x-1-mezcal-sierpe-negra-ancestral-espadin-45-alc-vol\/\" \/>\n<meta property=\"og:locale\" content=\"en_US\" \/>\n<meta property=\"og:type\" content=\"article\" \/>\n<meta property=\"og:title\" content=\"Mezcal Sierpe Negra Ancestral Espad\u00edn 45% Alc. Vol. - Agave Style\" \/>\n<meta property=\"og:description\" content=\"Promoci\u00f3n Compra 1 y llevate otra botella completamente gratis &#8211; Cristalino, brillante con matices plateados. Al Olfato &#8211; Notas Bals\u00e1micas, Eucalipto, An\u00eds de Cerro, Manzana y Chabacano Desecados, C\u00e1scara de Naranja Cristalizada, Pi\u00f1a Asada, Lim\u00f3n Amarillo, Toques de Laurel, Romero y Pimienta Negra, Camote de Cerro, Hoja de Pl\u00e1tano y Cuero. Ahumado Medio-R\u00fastico, Madera de [&hellip;]\" \/>\n<meta property=\"og:url\" content=\"https:\/\/agavestyle.mx\/en\/product\/2-x-1-mezcal-sierpe-negra-ancestral-espadin-45-alc-vol\/\" \/>\n<meta property=\"og:site_name\" content=\"Agave Style\" \/>\n<meta property=\"article:publisher\" content=\"https:\/\/www.facebook.com\/styleagave\" \/>\n<meta property=\"article:modified_time\" content=\"2026-04-20T23:04:10+00:00\" \/>\n<meta property=\"og:image\" content=\"https:\/\/agavestyle.mx\/wp-content\/uploads\/2025\/11\/SIERPE-NEGRA-CAJA-Y-BOTELLA-scaled.webp\" \/>\n\t<meta property=\"og:image:width\" content=\"2560\" \/>\n\t<meta property=\"og:image:height\" content=\"2560\" \/>\n\t<meta property=\"og:image:type\" content=\"image\/webp\" \/>\n<meta name=\"twitter:card\" content=\"summary_large_image\" \/>\n<meta name=\"twitter:label1\" content=\"Est. reading time\" \/>\n\t<meta name=\"twitter:data1\" content=\"1 minute\" \/>\n<script type=\"application\/ld+json\" class=\"yoast-schema-graph\">{\"@context\":\"https:\\\/\\\/schema.org\",\"@graph\":[{\"@type\":\"WebPage\",\"@id\":\"https:\\\/\\\/agavestyle.mx\\\/producto\\\/2-x-1-mezcal-sierpe-negra-ancestral-espadin-45-alc-vol\\\/\",\"url\":\"https:\\\/\\\/agavestyle.mx\\\/producto\\\/2-x-1-mezcal-sierpe-negra-ancestral-espadin-45-alc-vol\\\/\",\"name\":\"Mezcal Sierpe Negra Ancestral Espad\u00edn 45% Alc. Vol. - Agave Style\",\"isPartOf\":{\"@id\":\"https:\\\/\\\/agavestyle.mx\\\/#website\"},\"primaryImageOfPage\":{\"@id\":\"https:\\\/\\\/agavestyle.mx\\\/producto\\\/2-x-1-mezcal-sierpe-negra-ancestral-espadin-45-alc-vol\\\/#primaryimage\"},\"image\":{\"@id\":\"https:\\\/\\\/agavestyle.mx\\\/producto\\\/2-x-1-mezcal-sierpe-negra-ancestral-espadin-45-alc-vol\\\/#primaryimage\"},\"thumbnailUrl\":\"https:\\\/\\\/agavestyle.mx\\\/wp-content\\\/uploads\\\/2025\\\/11\\\/SIERPE-NEGRA-CAJA-Y-BOTELLA-scaled.webp\",\"datePublished\":\"2026-03-04T17:39:15+00:00\",\"dateModified\":\"2026-04-20T23:04:10+00:00\",\"breadcrumb\":{\"@id\":\"https:\\\/\\\/agavestyle.mx\\\/producto\\\/2-x-1-mezcal-sierpe-negra-ancestral-espadin-45-alc-vol\\\/#breadcrumb\"},\"inLanguage\":\"en-US\",\"potentialAction\":[{\"@type\":\"ReadAction\",\"target\":[\"https:\\\/\\\/agavestyle.mx\\\/producto\\\/2-x-1-mezcal-sierpe-negra-ancestral-espadin-45-alc-vol\\\/\"]}]},{\"@type\":\"ImageObject\",\"inLanguage\":\"en-US\",\"@id\":\"https:\\\/\\\/agavestyle.mx\\\/producto\\\/2-x-1-mezcal-sierpe-negra-ancestral-espadin-45-alc-vol\\\/#primaryimage\",\"url\":\"https:\\\/\\\/agavestyle.mx\\\/wp-content\\\/uploads\\\/2025\\\/11\\\/SIERPE-NEGRA-CAJA-Y-BOTELLA-scaled.webp\",\"contentUrl\":\"https:\\\/\\\/agavestyle.mx\\\/wp-content\\\/uploads\\\/2025\\\/11\\\/SIERPE-NEGRA-CAJA-Y-BOTELLA-scaled.webp\",\"width\":2560,\"height\":2560},{\"@type\":\"BreadcrumbList\",\"@id\":\"https:\\\/\\\/agavestyle.mx\\\/producto\\\/2-x-1-mezcal-sierpe-negra-ancestral-espadin-45-alc-vol\\\/#breadcrumb\",\"itemListElement\":[{\"@type\":\"ListItem\",\"position\":1,\"name\":\"Portada\",\"item\":\"https:\\\/\\\/agavestyle.mx\\\/\"},{\"@type\":\"ListItem\",\"position\":2,\"name\":\"Tienda\",\"item\":\"https:\\\/\\\/agavestyle.mx\\\/tienda\\\/\"},{\"@type\":\"ListItem\",\"position\":3,\"name\":\"Mezcal Sierpe Negra Ancestral Espad\u00edn 45% Alc. Vol.\"}]},{\"@type\":\"WebSite\",\"@id\":\"https:\\\/\\\/agavestyle.mx\\\/#website\",\"url\":\"https:\\\/\\\/agavestyle.mx\\\/\",\"name\":\"Agave Style\",\"description\":\"\",\"publisher\":{\"@id\":\"https:\\\/\\\/agavestyle.mx\\\/#organization\"},\"potentialAction\":[{\"@type\":\"SearchAction\",\"target\":{\"@type\":\"EntryPoint\",\"urlTemplate\":\"https:\\\/\\\/agavestyle.mx\\\/?s={search_term_string}\"},\"query-input\":{\"@type\":\"PropertyValueSpecification\",\"valueRequired\":true,\"valueName\":\"search_term_string\"}}],\"inLanguage\":\"en-US\"},{\"@type\":\"Organization\",\"@id\":\"https:\\\/\\\/agavestyle.mx\\\/#organization\",\"name\":\"Agave Style\",\"url\":\"https:\\\/\\\/agavestyle.mx\\\/\",\"logo\":{\"@type\":\"ImageObject\",\"inLanguage\":\"en-US\",\"@id\":\"https:\\\/\\\/agavestyle.mx\\\/#\\\/schema\\\/logo\\\/image\\\/\",\"url\":\"https:\\\/\\\/agavestyle.mx\\\/wp-content\\\/uploads\\\/2024\\\/11\\\/Grupo-74@2x.png\",\"contentUrl\":\"https:\\\/\\\/agavestyle.mx\\\/wp-content\\\/uploads\\\/2024\\\/11\\\/Grupo-74@2x.png\",\"width\":861,\"height\":540,\"caption\":\"Agave Style\"},\"image\":{\"@id\":\"https:\\\/\\\/agavestyle.mx\\\/#\\\/schema\\\/logo\\\/image\\\/\"},\"sameAs\":[\"https:\\\/\\\/www.facebook.com\\\/styleagave\",\"https:\\\/\\\/www.instagram.com\\\/agavestyle.mx\\\/?hl=es\"]}]}<\/script>\n<!-- \/ Yoast SEO plugin. -->","yoast_head_json":{"title":"Mezcal Sierpe Negra Ancestral Espad\u00edn 45% Alc. Vol. - Agave Style","robots":{"index":"index","follow":"follow","max-snippet":"max-snippet:-1","max-image-preview":"max-image-preview:large","max-video-preview":"max-video-preview:-1"},"canonical":"https:\/\/agavestyle.mx\/en\/product\/2-x-1-mezcal-sierpe-negra-ancestral-espadin-45-alc-vol\/","og_locale":"en_US","og_type":"article","og_title":"Mezcal Sierpe Negra Ancestral Espad\u00edn 45% Alc. Vol. - Agave Style","og_description":"Promoci\u00f3n Compra 1 y llevate otra botella completamente gratis &#8211; Cristalino, brillante con matices plateados. Al Olfato &#8211; Notas Bals\u00e1micas, Eucalipto, An\u00eds de Cerro, Manzana y Chabacano Desecados, C\u00e1scara de Naranja Cristalizada, Pi\u00f1a Asada, Lim\u00f3n Amarillo, Toques de Laurel, Romero y Pimienta Negra, Camote de Cerro, Hoja de Pl\u00e1tano y Cuero. Ahumado Medio-R\u00fastico, Madera de [&hellip;]","og_url":"https:\/\/agavestyle.mx\/en\/product\/2-x-1-mezcal-sierpe-negra-ancestral-espadin-45-alc-vol\/","og_site_name":"Agave Style","article_publisher":"https:\/\/www.facebook.com\/styleagave","article_modified_time":"2026-04-20T23:04:10+00:00","og_image":[{"width":2560,"height":2560,"url":"https:\/\/agavestyle.mx\/wp-content\/uploads\/2025\/11\/SIERPE-NEGRA-CAJA-Y-BOTELLA-scaled.webp","type":"image\/webp"}],"twitter_card":"summary_large_image","twitter_misc":{"Est. reading time":"1 minute"},"schema":{"@context":"https:\/\/schema.org","@graph":[{"@type":"WebPage","@id":"https:\/\/agavestyle.mx\/producto\/2-x-1-mezcal-sierpe-negra-ancestral-espadin-45-alc-vol\/","url":"https:\/\/agavestyle.mx\/producto\/2-x-1-mezcal-sierpe-negra-ancestral-espadin-45-alc-vol\/","name":"Mezcal Sierpe Negra Ancestral Espad\u00edn 45% Alc. Vol. - Agave Style","isPartOf":{"@id":"https:\/\/agavestyle.mx\/#website"},"primaryImageOfPage":{"@id":"https:\/\/agavestyle.mx\/producto\/2-x-1-mezcal-sierpe-negra-ancestral-espadin-45-alc-vol\/#primaryimage"},"image":{"@id":"https:\/\/agavestyle.mx\/producto\/2-x-1-mezcal-sierpe-negra-ancestral-espadin-45-alc-vol\/#primaryimage"},"thumbnailUrl":"https:\/\/agavestyle.mx\/wp-content\/uploads\/2025\/11\/SIERPE-NEGRA-CAJA-Y-BOTELLA-scaled.webp","datePublished":"2026-03-04T17:39:15+00:00","dateModified":"2026-04-20T23:04:10+00:00","breadcrumb":{"@id":"https:\/\/agavestyle.mx\/producto\/2-x-1-mezcal-sierpe-negra-ancestral-espadin-45-alc-vol\/#breadcrumb"},"inLanguage":"en-US","potentialAction":[{"@type":"ReadAction","target":["https:\/\/agavestyle.mx\/producto\/2-x-1-mezcal-sierpe-negra-ancestral-espadin-45-alc-vol\/"]}]},{"@type":"ImageObject","inLanguage":"en-US","@id":"https:\/\/agavestyle.mx\/producto\/2-x-1-mezcal-sierpe-negra-ancestral-espadin-45-alc-vol\/#primaryimage","url":"https:\/\/agavestyle.mx\/wp-content\/uploads\/2025\/11\/SIERPE-NEGRA-CAJA-Y-BOTELLA-scaled.webp","contentUrl":"https:\/\/agavestyle.mx\/wp-content\/uploads\/2025\/11\/SIERPE-NEGRA-CAJA-Y-BOTELLA-scaled.webp","width":2560,"height":2560},{"@type":"BreadcrumbList","@id":"https:\/\/agavestyle.mx\/producto\/2-x-1-mezcal-sierpe-negra-ancestral-espadin-45-alc-vol\/#breadcrumb","itemListElement":[{"@type":"ListItem","position":1,"name":"Portada","item":"https:\/\/agavestyle.mx\/"},{"@type":"ListItem","position":2,"name":"Tienda","item":"https:\/\/agavestyle.mx\/tienda\/"},{"@type":"ListItem","position":3,"name":"Mezcal Sierpe Negra Ancestral Espad\u00edn 45% Alc. Vol."}]},{"@type":"WebSite","@id":"https:\/\/agavestyle.mx\/#website","url":"https:\/\/agavestyle.mx\/","name":"Agave Style","description":"","publisher":{"@id":"https:\/\/agavestyle.mx\/#organization"},"potentialAction":[{"@type":"SearchAction","target":{"@type":"EntryPoint","urlTemplate":"https:\/\/agavestyle.mx\/?s={search_term_string}"},"query-input":{"@type":"PropertyValueSpecification","valueRequired":true,"valueName":"search_term_string"}}],"inLanguage":"en-US"},{"@type":"Organization","@id":"https:\/\/agavestyle.mx\/#organization","name":"Agave Style","url":"https:\/\/agavestyle.mx\/","logo":{"@type":"ImageObject","inLanguage":"en-US","@id":"https:\/\/agavestyle.mx\/#\/schema\/logo\/image\/","url":"https:\/\/agavestyle.mx\/wp-content\/uploads\/2024\/11\/Grupo-74@2x.png","contentUrl":"https:\/\/agavestyle.mx\/wp-content\/uploads\/2024\/11\/Grupo-74@2x.png","width":861,"height":540,"caption":"Agave Style"},"image":{"@id":"https:\/\/agavestyle.mx\/#\/schema\/logo\/image\/"},"sameAs":["https:\/\/www.facebook.com\/styleagave","https:\/\/www.instagram.com\/agavestyle.mx\/?hl=es"]}]}},"_links":{"self":[{"href":"https:\/\/agavestyle.mx\/en\/wp-json\/wp\/v2\/product\/5565","targetHints":{"allow":["GET"]}}],"collection":[{"href":"https:\/\/agavestyle.mx\/en\/wp-json\/wp\/v2\/product"}],"about":[{"href":"https:\/\/agavestyle.mx\/en\/wp-json\/wp\/v2\/types\/product"}],"replies":[{"embeddable":true,"href":"https:\/\/agavestyle.mx\/en\/wp-json\/wp\/v2\/comments?post=5565"}],"version-history":[{"count":3,"href":"https:\/\/agavestyle.mx\/en\/wp-json\/wp\/v2\/product\/5565\/revisions"}],"predecessor-version":[{"id":5910,"href":"https:\/\/agavestyle.mx\/en\/wp-json\/wp\/v2\/product\/5565\/revisions\/5910"}],"wp:featuredmedia":[{"embeddable":true,"href":"https:\/\/agavestyle.mx\/en\/wp-json\/wp\/v2\/media\/3725"}],"wp:attachment":[{"href":"https:\/\/agavestyle.mx\/en\/wp-json\/wp\/v2\/media?parent=5565"}],"wp:term":[{"taxonomy":"product_brand","embeddable":true,"href":"https:\/\/agavestyle.mx\/en\/wp-json\/wp\/v2\/product_brand?post=5565"},{"taxonomy":"product_cat","embeddable":true,"href":"https:\/\/agavestyle.mx\/en\/wp-json\/wp\/v2\/product_cat?post=5565"},{"taxonomy":"product_tag","embeddable":true,"href":"https:\/\/agavestyle.mx\/en\/wp-json\/wp\/v2\/product_tag?post=5565"}],"curies":[{"name":"wp","href":"https:\/\/api.w.org\/{rel}","templated":true}]}}