{"id":3951,"date":"2025-12-08T21:31:18","date_gmt":"2025-12-08T21:31:18","guid":{"rendered":"https:\/\/agavestyle.mx\/?post_type=product&#038;p=3951"},"modified":"2026-04-28T17:23:09","modified_gmt":"2026-04-28T17:23:09","slug":"cerveza-artesanal-naipe-corazon","status":"publish","type":"product","link":"https:\/\/agavestyle.mx\/en\/product\/cerveza-artesanal-naipe-corazon\/","title":{"rendered":"Cerveza Artesanal Naipe Coraz\u00f3n"},"content":{"rendered":"<p>Disfruta de la aut\u00e9ntica cerveza artesanal <strong data-start=\"195\" data-end=\"226\">Naipe Coraz\u00f3n Irish Red Ale<\/strong> en presentaci\u00f3n de <strong data-start=\"246\" data-end=\"256\">355 ml<\/strong>. Elaborada de forma artesanal por la cervecer\u00eda Naipe en M\u00e9xico, esta cerveza ha sido galardonada con varios premios por su excelente calidad.<br \/>\nMedalla de Oro 2016, Medalla de Bronce 2017, Medalla de Oro 2024<\/p>\n<p>Food Pairing<br \/>\n-Resalta sabores caramelizados y tostados<br \/>\n-Carnes al horno, Costillas BBQ y Quesos maduros<\/p>","protected":false},"excerpt":{"rendered":"<p>Disfruta de la aut\u00e9ntica cerveza artesanal Naipe Coraz\u00f3n Irish Red Ale en presentaci\u00f3n de 355 ml. Elaborada de forma artesanal por la cervecer\u00eda Naipe en M\u00e9xico, esta cerveza ha sido galardonada con varios premios por su excelente calidad. Medalla de Oro 2016, Medalla de Bronce 2017, Medalla de Oro 2024 Maridaje -Resalta sabores caramelizados y [&hellip;]<\/p>\n","protected":false},"featured_media":3511,"comment_status":"open","ping_status":"closed","template":"","meta":[],"product_brand":[],"product_cat":[26],"product_tag":[],"class_list":{"0":"post-3951","1":"product","2":"type-product","3":"status-publish","4":"has-post-thumbnail","6":"product_cat-cerveza-artesanal","8":"first","9":"instock","10":"shipping-taxable","11":"purchasable","12":"product-type-simple"},"yoast_head":"<!-- This site is optimized with the Yoast SEO plugin v27.5 - https:\/\/yoast.com\/product\/yoast-seo-wordpress\/ -->\n<title>Cerveza Artesanal Naipe Coraz\u00f3n - Agave Style<\/title>\n<meta name=\"robots\" content=\"index, follow, max-snippet:-1, max-image-preview:large, max-video-preview:-1\" \/>\n<link rel=\"canonical\" href=\"https:\/\/agavestyle.mx\/en\/product\/cerveza-artesanal-naipe-corazon\/\" \/>\n<meta property=\"og:locale\" content=\"en_US\" \/>\n<meta property=\"og:type\" content=\"article\" \/>\n<meta property=\"og:title\" content=\"Cerveza Artesanal Naipe Coraz\u00f3n - Agave Style\" \/>\n<meta property=\"og:description\" content=\"Disfruta de la aut\u00e9ntica cerveza artesanal Naipe Coraz\u00f3n Irish Red Ale en presentaci\u00f3n de 355 ml. Elaborada de forma artesanal por la cervecer\u00eda Naipe en M\u00e9xico, esta cerveza ha sido galardonada con varios premios por su excelente calidad. Medalla de Oro 2016, Medalla de Bronce 2017, Medalla de Oro 2024 Maridaje -Resalta sabores caramelizados y [&hellip;]\" \/>\n<meta property=\"og:url\" content=\"https:\/\/agavestyle.mx\/en\/product\/cerveza-artesanal-naipe-corazon\/\" \/>\n<meta property=\"og:site_name\" content=\"Agave Style\" \/>\n<meta property=\"article:publisher\" content=\"https:\/\/www.facebook.com\/styleagave\" \/>\n<meta property=\"article:modified_time\" content=\"2026-04-28T17:23:09+00:00\" \/>\n<meta property=\"og:image\" content=\"https:\/\/agavestyle.mx\/wp-content\/uploads\/2025\/12\/NAIPE_CORAZON.webp\" \/>\n\t<meta property=\"og:image:width\" content=\"1667\" \/>\n\t<meta property=\"og:image:height\" content=\"1667\" \/>\n\t<meta property=\"og:image:type\" content=\"image\/webp\" \/>\n<meta name=\"twitter:card\" content=\"summary_large_image\" \/>\n<meta name=\"twitter:label1\" content=\"Est. reading time\" \/>\n\t<meta name=\"twitter:data1\" content=\"1 minute\" \/>\n<script type=\"application\/ld+json\" class=\"yoast-schema-graph\">{\"@context\":\"https:\\\/\\\/schema.org\",\"@graph\":[{\"@type\":\"WebPage\",\"@id\":\"https:\\\/\\\/agavestyle.mx\\\/producto\\\/cerveza-artesanal-naipe-corazon\\\/\",\"url\":\"https:\\\/\\\/agavestyle.mx\\\/producto\\\/cerveza-artesanal-naipe-corazon\\\/\",\"name\":\"Cerveza Artesanal Naipe Coraz\u00f3n - Agave Style\",\"isPartOf\":{\"@id\":\"https:\\\/\\\/agavestyle.mx\\\/#website\"},\"primaryImageOfPage\":{\"@id\":\"https:\\\/\\\/agavestyle.mx\\\/producto\\\/cerveza-artesanal-naipe-corazon\\\/#primaryimage\"},\"image\":{\"@id\":\"https:\\\/\\\/agavestyle.mx\\\/producto\\\/cerveza-artesanal-naipe-corazon\\\/#primaryimage\"},\"thumbnailUrl\":\"https:\\\/\\\/agavestyle.mx\\\/wp-content\\\/uploads\\\/2025\\\/12\\\/NAIPE_CORAZON.webp\",\"datePublished\":\"2025-12-08T21:31:18+00:00\",\"dateModified\":\"2026-04-28T17:23:09+00:00\",\"breadcrumb\":{\"@id\":\"https:\\\/\\\/agavestyle.mx\\\/producto\\\/cerveza-artesanal-naipe-corazon\\\/#breadcrumb\"},\"inLanguage\":\"en-US\",\"potentialAction\":[{\"@type\":\"ReadAction\",\"target\":[\"https:\\\/\\\/agavestyle.mx\\\/producto\\\/cerveza-artesanal-naipe-corazon\\\/\"]}]},{\"@type\":\"ImageObject\",\"inLanguage\":\"en-US\",\"@id\":\"https:\\\/\\\/agavestyle.mx\\\/producto\\\/cerveza-artesanal-naipe-corazon\\\/#primaryimage\",\"url\":\"https:\\\/\\\/agavestyle.mx\\\/wp-content\\\/uploads\\\/2025\\\/12\\\/NAIPE_CORAZON.webp\",\"contentUrl\":\"https:\\\/\\\/agavestyle.mx\\\/wp-content\\\/uploads\\\/2025\\\/12\\\/NAIPE_CORAZON.webp\",\"width\":1667,\"height\":1667},{\"@type\":\"BreadcrumbList\",\"@id\":\"https:\\\/\\\/agavestyle.mx\\\/producto\\\/cerveza-artesanal-naipe-corazon\\\/#breadcrumb\",\"itemListElement\":[{\"@type\":\"ListItem\",\"position\":1,\"name\":\"Portada\",\"item\":\"https:\\\/\\\/agavestyle.mx\\\/\"},{\"@type\":\"ListItem\",\"position\":2,\"name\":\"Tienda\",\"item\":\"https:\\\/\\\/agavestyle.mx\\\/tienda\\\/\"},{\"@type\":\"ListItem\",\"position\":3,\"name\":\"Cerveza Artesanal Naipe Coraz\u00f3n\"}]},{\"@type\":\"WebSite\",\"@id\":\"https:\\\/\\\/agavestyle.mx\\\/#website\",\"url\":\"https:\\\/\\\/agavestyle.mx\\\/\",\"name\":\"Agave Style\",\"description\":\"\",\"publisher\":{\"@id\":\"https:\\\/\\\/agavestyle.mx\\\/#organization\"},\"potentialAction\":[{\"@type\":\"SearchAction\",\"target\":{\"@type\":\"EntryPoint\",\"urlTemplate\":\"https:\\\/\\\/agavestyle.mx\\\/?s={search_term_string}\"},\"query-input\":{\"@type\":\"PropertyValueSpecification\",\"valueRequired\":true,\"valueName\":\"search_term_string\"}}],\"inLanguage\":\"en-US\"},{\"@type\":\"Organization\",\"@id\":\"https:\\\/\\\/agavestyle.mx\\\/#organization\",\"name\":\"Agave Style\",\"url\":\"https:\\\/\\\/agavestyle.mx\\\/\",\"logo\":{\"@type\":\"ImageObject\",\"inLanguage\":\"en-US\",\"@id\":\"https:\\\/\\\/agavestyle.mx\\\/#\\\/schema\\\/logo\\\/image\\\/\",\"url\":\"https:\\\/\\\/agavestyle.mx\\\/wp-content\\\/uploads\\\/2024\\\/11\\\/Grupo-74@2x.png\",\"contentUrl\":\"https:\\\/\\\/agavestyle.mx\\\/wp-content\\\/uploads\\\/2024\\\/11\\\/Grupo-74@2x.png\",\"width\":861,\"height\":540,\"caption\":\"Agave Style\"},\"image\":{\"@id\":\"https:\\\/\\\/agavestyle.mx\\\/#\\\/schema\\\/logo\\\/image\\\/\"},\"sameAs\":[\"https:\\\/\\\/www.facebook.com\\\/styleagave\",\"https:\\\/\\\/www.instagram.com\\\/agavestyle.mx\\\/?hl=es\"]}]}<\/script>\n<!-- \/ Yoast SEO plugin. -->","yoast_head_json":{"title":"Cerveza Artesanal Naipe Coraz\u00f3n - Agave Style","robots":{"index":"index","follow":"follow","max-snippet":"max-snippet:-1","max-image-preview":"max-image-preview:large","max-video-preview":"max-video-preview:-1"},"canonical":"https:\/\/agavestyle.mx\/en\/product\/cerveza-artesanal-naipe-corazon\/","og_locale":"en_US","og_type":"article","og_title":"Cerveza Artesanal Naipe Coraz\u00f3n - Agave Style","og_description":"Disfruta de la aut\u00e9ntica cerveza artesanal Naipe Coraz\u00f3n Irish Red Ale en presentaci\u00f3n de 355 ml. Elaborada de forma artesanal por la cervecer\u00eda Naipe en M\u00e9xico, esta cerveza ha sido galardonada con varios premios por su excelente calidad. Medalla de Oro 2016, Medalla de Bronce 2017, Medalla de Oro 2024 Maridaje -Resalta sabores caramelizados y [&hellip;]","og_url":"https:\/\/agavestyle.mx\/en\/product\/cerveza-artesanal-naipe-corazon\/","og_site_name":"Agave Style","article_publisher":"https:\/\/www.facebook.com\/styleagave","article_modified_time":"2026-04-28T17:23:09+00:00","og_image":[{"width":1667,"height":1667,"url":"https:\/\/agavestyle.mx\/wp-content\/uploads\/2025\/12\/NAIPE_CORAZON.webp","type":"image\/webp"}],"twitter_card":"summary_large_image","twitter_misc":{"Est. reading time":"1 minute"},"schema":{"@context":"https:\/\/schema.org","@graph":[{"@type":"WebPage","@id":"https:\/\/agavestyle.mx\/producto\/cerveza-artesanal-naipe-corazon\/","url":"https:\/\/agavestyle.mx\/producto\/cerveza-artesanal-naipe-corazon\/","name":"Cerveza Artesanal Naipe Coraz\u00f3n - Agave Style","isPartOf":{"@id":"https:\/\/agavestyle.mx\/#website"},"primaryImageOfPage":{"@id":"https:\/\/agavestyle.mx\/producto\/cerveza-artesanal-naipe-corazon\/#primaryimage"},"image":{"@id":"https:\/\/agavestyle.mx\/producto\/cerveza-artesanal-naipe-corazon\/#primaryimage"},"thumbnailUrl":"https:\/\/agavestyle.mx\/wp-content\/uploads\/2025\/12\/NAIPE_CORAZON.webp","datePublished":"2025-12-08T21:31:18+00:00","dateModified":"2026-04-28T17:23:09+00:00","breadcrumb":{"@id":"https:\/\/agavestyle.mx\/producto\/cerveza-artesanal-naipe-corazon\/#breadcrumb"},"inLanguage":"en-US","potentialAction":[{"@type":"ReadAction","target":["https:\/\/agavestyle.mx\/producto\/cerveza-artesanal-naipe-corazon\/"]}]},{"@type":"ImageObject","inLanguage":"en-US","@id":"https:\/\/agavestyle.mx\/producto\/cerveza-artesanal-naipe-corazon\/#primaryimage","url":"https:\/\/agavestyle.mx\/wp-content\/uploads\/2025\/12\/NAIPE_CORAZON.webp","contentUrl":"https:\/\/agavestyle.mx\/wp-content\/uploads\/2025\/12\/NAIPE_CORAZON.webp","width":1667,"height":1667},{"@type":"BreadcrumbList","@id":"https:\/\/agavestyle.mx\/producto\/cerveza-artesanal-naipe-corazon\/#breadcrumb","itemListElement":[{"@type":"ListItem","position":1,"name":"Portada","item":"https:\/\/agavestyle.mx\/"},{"@type":"ListItem","position":2,"name":"Tienda","item":"https:\/\/agavestyle.mx\/tienda\/"},{"@type":"ListItem","position":3,"name":"Cerveza Artesanal Naipe Coraz\u00f3n"}]},{"@type":"WebSite","@id":"https:\/\/agavestyle.mx\/#website","url":"https:\/\/agavestyle.mx\/","name":"Agave Style","description":"","publisher":{"@id":"https:\/\/agavestyle.mx\/#organization"},"potentialAction":[{"@type":"SearchAction","target":{"@type":"EntryPoint","urlTemplate":"https:\/\/agavestyle.mx\/?s={search_term_string}"},"query-input":{"@type":"PropertyValueSpecification","valueRequired":true,"valueName":"search_term_string"}}],"inLanguage":"en-US"},{"@type":"Organization","@id":"https:\/\/agavestyle.mx\/#organization","name":"Agave Style","url":"https:\/\/agavestyle.mx\/","logo":{"@type":"ImageObject","inLanguage":"en-US","@id":"https:\/\/agavestyle.mx\/#\/schema\/logo\/image\/","url":"https:\/\/agavestyle.mx\/wp-content\/uploads\/2024\/11\/Grupo-74@2x.png","contentUrl":"https:\/\/agavestyle.mx\/wp-content\/uploads\/2024\/11\/Grupo-74@2x.png","width":861,"height":540,"caption":"Agave Style"},"image":{"@id":"https:\/\/agavestyle.mx\/#\/schema\/logo\/image\/"},"sameAs":["https:\/\/www.facebook.com\/styleagave","https:\/\/www.instagram.com\/agavestyle.mx\/?hl=es"]}]}},"_links":{"self":[{"href":"https:\/\/agavestyle.mx\/en\/wp-json\/wp\/v2\/product\/3951","targetHints":{"allow":["GET"]}}],"collection":[{"href":"https:\/\/agavestyle.mx\/en\/wp-json\/wp\/v2\/product"}],"about":[{"href":"https:\/\/agavestyle.mx\/en\/wp-json\/wp\/v2\/types\/product"}],"replies":[{"embeddable":true,"href":"https:\/\/agavestyle.mx\/en\/wp-json\/wp\/v2\/comments?post=3951"}],"version-history":[{"count":3,"href":"https:\/\/agavestyle.mx\/en\/wp-json\/wp\/v2\/product\/3951\/revisions"}],"predecessor-version":[{"id":5577,"href":"https:\/\/agavestyle.mx\/en\/wp-json\/wp\/v2\/product\/3951\/revisions\/5577"}],"wp:featuredmedia":[{"embeddable":true,"href":"https:\/\/agavestyle.mx\/en\/wp-json\/wp\/v2\/media\/3511"}],"wp:attachment":[{"href":"https:\/\/agavestyle.mx\/en\/wp-json\/wp\/v2\/media?parent=3951"}],"wp:term":[{"taxonomy":"product_brand","embeddable":true,"href":"https:\/\/agavestyle.mx\/en\/wp-json\/wp\/v2\/product_brand?post=3951"},{"taxonomy":"product_cat","embeddable":true,"href":"https:\/\/agavestyle.mx\/en\/wp-json\/wp\/v2\/product_cat?post=3951"},{"taxonomy":"product_tag","embeddable":true,"href":"https:\/\/agavestyle.mx\/en\/wp-json\/wp\/v2\/product_tag?post=3951"}],"curies":[{"name":"wp","href":"https:\/\/api.w.org\/{rel}","templated":true}]}}