{"id":263,"date":"2024-12-10T01:52:38","date_gmt":"2024-12-10T01:52:38","guid":{"rendered":"https:\/\/agavestyle.mx\/?page_id=263"},"modified":"2026-02-25T00:37:50","modified_gmt":"2026-02-25T00:37:50","slug":"contactanos","status":"publish","type":"page","link":"https:\/\/agavestyle.mx\/en\/contactanos\/","title":{"rendered":"Cont\u00e1ctanos"},"content":{"rendered":"\t\t<div data-elementor-type=\"wp-page\" data-elementor-id=\"263\" class=\"elementor elementor-263\" data-elementor-post-type=\"page\">\n\t\t\t\t<div class=\"elementor-element elementor-element-3fddc40 e-flex e-con-boxed e-con e-parent\" data-id=\"3fddc40\" data-element_type=\"container\" data-e-type=\"container\" data-settings=\"{&quot;background_background&quot;:&quot;classic&quot;}\">\n\t\t\t\t\t<div class=\"e-con-inner\">\n\t\t\t\t<div class=\"elementor-element elementor-element-7a2f335 elementor-widget elementor-widget-heading\" data-id=\"7a2f335\" data-element_type=\"widget\" data-e-type=\"widget\" data-widget_type=\"heading.default\">\n\t\t\t\t<div class=\"elementor-widget-container\">\n\t\t\t\t\t<h2 class=\"elementor-heading-title elementor-size-default\">\u00a1Queremos saber de ti!<\/h2>\t\t\t\t<\/div>\n\t\t\t\t<\/div>\n\t\t\t\t<div class=\"elementor-element elementor-element-06ec8dd elementor-widget elementor-widget-text-editor\" data-id=\"06ec8dd\" data-element_type=\"widget\" data-e-type=\"widget\" data-widget_type=\"text-editor.default\">\n\t\t\t\t<div class=\"elementor-widget-container\">\n\t\t\t\t\t\t\t\t\t<p>Si tienes alguna duda, comentario o simplemente deseas m\u00e1s informaci\u00f3n, te invitamos a ponerte en contacto con nosotros. Es f\u00e1cil, r\u00e1pido y estamos listos para atenderte.<\/p>\t\t\t\t\t\t\t\t<\/div>\n\t\t\t\t<\/div>\n\t\t\t\t\t<\/div>\n\t\t\t\t<\/div>\n\t\t<div class=\"elementor-element elementor-element-750ef9e e-flex e-con-boxed e-con e-parent\" data-id=\"750ef9e\" data-element_type=\"container\" data-e-type=\"container\" data-settings=\"{&quot;background_background&quot;:&quot;classic&quot;}\">\n\t\t\t\t\t<div class=\"e-con-inner\">\n\t\t<div class=\"elementor-element elementor-element-ae077fb e-con-full e-flex e-con e-child\" data-id=\"ae077fb\" data-element_type=\"container\" data-e-type=\"container\">\n\t\t\t\t<div class=\"elementor-element elementor-element-a72d4ec elementor-button-align-center elementor-widget elementor-widget-form\" data-id=\"a72d4ec\" data-element_type=\"widget\" data-e-type=\"widget\" data-settings=\"{&quot;step_next_label&quot;:&quot;Siguiente&quot;,&quot;step_previous_label&quot;:&quot;Anterior&quot;,&quot;button_width&quot;:&quot;100&quot;,&quot;step_type&quot;:&quot;number_text&quot;,&quot;step_icon_shape&quot;:&quot;circle&quot;}\" data-widget_type=\"form.default\">\n\t\t\t\t<div class=\"elementor-widget-container\">\n\t\t\t\t\t\t\t<form class=\"elementor-form\" method=\"post\" name=\"Nuevo formulario\" aria-label=\"Nuevo formulario\">\n\t\t\t<input type=\"hidden\" name=\"post_id\" value=\"263\"\/>\n\t\t\t<input type=\"hidden\" name=\"form_id\" value=\"a72d4ec\"\/>\n\t\t\t<input type=\"hidden\" name=\"referer_title\" value=\"Agave Style\" \/>\n\n\t\t\t\n\t\t\t<div class=\"elementor-form-fields-wrapper elementor-labels-above\">\n\t\t\t\t\t\t\t\t<div class=\"elementor-field-type-text elementor-field-group elementor-column elementor-field-group-name elementor-col-100 elementor-field-required\">\n\t\t\t\t\t\t\t\t\t\t\t\t<label for=\"form-field-name\" class=\"elementor-field-label\">\n\t\t\t\t\t\t\t\tNombre\t\t\t\t\t\t\t<\/label>\n\t\t\t\t\t\t\t\t\t\t\t\t\t\t<input size=\"1\" type=\"text\" name=\"form_fields[name]\" id=\"form-field-name\" class=\"elementor-field elementor-size-sm  elementor-field-textual\" required=\"required\">\n\t\t\t\t\t\t\t\t\t\t\t<\/div>\n\t\t\t\t\t\t\t\t<div class=\"elementor-field-type-email elementor-field-group elementor-column elementor-field-group-email elementor-col-100 elementor-field-required\">\n\t\t\t\t\t\t\t\t\t\t\t\t<label for=\"form-field-email\" class=\"elementor-field-label\">\n\t\t\t\t\t\t\t\tCorreo electr\u00f3nico\t\t\t\t\t\t\t<\/label>\n\t\t\t\t\t\t\t\t\t\t\t\t\t\t<input size=\"1\" type=\"email\" name=\"form_fields[email]\" id=\"form-field-email\" class=\"elementor-field elementor-size-sm  elementor-field-textual\" required=\"required\">\n\t\t\t\t\t\t\t\t\t\t\t<\/div>\n\t\t\t\t\t\t\t\t<div class=\"elementor-field-type-text elementor-field-group elementor-column elementor-field-group-field_a6bc43d elementor-col-100\">\n\t\t\t\t\t\t\t\t\t\t\t\t<label for=\"form-field-field_a6bc43d\" class=\"elementor-field-label\">\n\t\t\t\t\t\t\t\tNombre de la empresa\t\t\t\t\t\t\t<\/label>\n\t\t\t\t\t\t\t\t\t\t\t\t\t\t<input size=\"1\" type=\"text\" name=\"form_fields[field_a6bc43d]\" id=\"form-field-field_a6bc43d\" class=\"elementor-field elementor-size-sm  elementor-field-textual\">\n\t\t\t\t\t\t\t\t\t\t\t<\/div>\n\t\t\t\t\t\t\t\t<div class=\"elementor-field-type-tel elementor-field-group elementor-column elementor-field-group-field_9cd9698 elementor-col-100 elementor-field-required\">\n\t\t\t\t\t\t\t\t\t\t\t\t<label for=\"form-field-field_9cd9698\" class=\"elementor-field-label\">\n\t\t\t\t\t\t\t\tTel\u00e9fono\t\t\t\t\t\t\t<\/label>\n\t\t\t\t\t\t\t\t<input size=\"1\" type=\"tel\" name=\"form_fields[field_9cd9698]\" id=\"form-field-field_9cd9698\" class=\"elementor-field elementor-size-sm  elementor-field-textual\" required=\"required\" pattern=\"[0-9()#&amp;+*-=.]+\" title=\"Only numbers and phone characters (#, -, *, etc) are accepted.\">\n\n\t\t\t\t\t\t<\/div>\n\t\t\t\t\t\t\t\t<div class=\"elementor-field-type-textarea elementor-field-group elementor-column elementor-field-group-message elementor-col-100\">\n\t\t\t\t\t\t\t\t\t\t\t\t<label for=\"form-field-message\" class=\"elementor-field-label\">\n\t\t\t\t\t\t\t\tMensaje\t\t\t\t\t\t\t<\/label>\n\t\t\t\t\t\t<textarea class=\"elementor-field-textual elementor-field  elementor-size-sm\" name=\"form_fields[message]\" id=\"form-field-message\" rows=\"4\"><\/textarea>\t\t\t\t<\/div>\n\t\t\t\t\t\t\t\t<div class=\"elementor-field-group elementor-column elementor-field-type-submit elementor-col-100 e-form__buttons\">\n\t\t\t\t\t<button class=\"elementor-button elementor-size-sm\" type=\"submit\">\n\t\t\t\t\t\t<span class=\"elementor-button-content-wrapper\">\n\t\t\t\t\t\t\t\t\t\t\t\t\t\t\t\t\t\t\t\t\t\t<span class=\"elementor-button-text\">Enviar<\/span>\n\t\t\t\t\t\t\t\t\t\t\t\t\t<\/span>\n\t\t\t\t\t<\/button>\n\t\t\t\t<\/div>\n\t\t\t<\/div>\n\t\t<\/form>\n\t\t\t\t\t\t<\/div>\n\t\t\t\t<\/div>\n\t\t\t\t<\/div>\n\t\t<div class=\"elementor-element elementor-element-83e7cfc e-con-full e-flex e-con e-child\" data-id=\"83e7cfc\" data-element_type=\"container\" data-e-type=\"container\">\n\t\t\t\t<div class=\"elementor-element elementor-element-5c77bad elementor-widget elementor-widget-image-carousel\" data-id=\"5c77bad\" data-element_type=\"widget\" data-e-type=\"widget\" data-settings=\"{&quot;slides_to_show&quot;:&quot;1&quot;,&quot;navigation&quot;:&quot;none&quot;,&quot;autoplay&quot;:&quot;yes&quot;,&quot;pause_on_hover&quot;:&quot;yes&quot;,&quot;pause_on_interaction&quot;:&quot;yes&quot;,&quot;autoplay_speed&quot;:5000,&quot;infinite&quot;:&quot;yes&quot;,&quot;effect&quot;:&quot;slide&quot;,&quot;speed&quot;:500}\" data-widget_type=\"image-carousel.default\">\n\t\t\t\t<div class=\"elementor-widget-container\">\n\t\t\t\t\t\t\t<div class=\"elementor-image-carousel-wrapper swiper\" role=\"region\" aria-roledescription=\"carousel\" aria-label=\"Carrusel de im\u00e1genes\" dir=\"ltr\">\n\t\t\t<div class=\"elementor-image-carousel swiper-wrapper\" aria-live=\"off\">\n\t\t\t\t\t\t\t\t<div class=\"swiper-slide\" role=\"group\" aria-roledescription=\"slide\" aria-label=\"1 of 9\"><figure class=\"swiper-slide-inner\"><img decoding=\"async\" class=\"swiper-slide-image\" src=\"https:\/\/agavestyle.mx\/wp-content\/uploads\/2026\/02\/la-luna-05-1024x1024.webp\" alt=\"la luna-05\" \/><\/figure><\/div><div class=\"swiper-slide\" role=\"group\" aria-roledescription=\"slide\" aria-label=\"2 of 9\"><figure class=\"swiper-slide-inner\"><img decoding=\"async\" class=\"swiper-slide-image\" src=\"https:\/\/agavestyle.mx\/wp-content\/uploads\/2026\/02\/la-luna-12-1024x1024.webp\" alt=\"la luna-12\" \/><\/figure><\/div><div class=\"swiper-slide\" role=\"group\" aria-roledescription=\"slide\" aria-label=\"3 of 9\"><figure class=\"swiper-slide-inner\"><img decoding=\"async\" class=\"swiper-slide-image\" src=\"https:\/\/agavestyle.mx\/wp-content\/uploads\/2026\/02\/la-luna-11-1024x1024.webp\" alt=\"la luna-11\" \/><\/figure><\/div><div class=\"swiper-slide\" role=\"group\" aria-roledescription=\"slide\" aria-label=\"4 of 9\"><figure class=\"swiper-slide-inner\"><img decoding=\"async\" class=\"swiper-slide-image\" src=\"https:\/\/agavestyle.mx\/wp-content\/uploads\/2026\/02\/sierpe-10-1024x1024.webp\" alt=\"sierpe-10\" \/><\/figure><\/div><div class=\"swiper-slide\" role=\"group\" aria-roledescription=\"slide\" aria-label=\"5 of 9\"><figure class=\"swiper-slide-inner\"><img decoding=\"async\" class=\"swiper-slide-image\" src=\"https:\/\/agavestyle.mx\/wp-content\/uploads\/2026\/02\/sierpe-03-1024x1024.webp\" alt=\"sierpe-03\" \/><\/figure><\/div><div class=\"swiper-slide\" role=\"group\" aria-roledescription=\"slide\" aria-label=\"6 of 9\"><figure class=\"swiper-slide-inner\"><img decoding=\"async\" class=\"swiper-slide-image\" src=\"https:\/\/agavestyle.mx\/wp-content\/uploads\/2026\/02\/sierpe-08-1024x1024.webp\" alt=\"sierpe-08\" \/><\/figure><\/div><div class=\"swiper-slide\" role=\"group\" aria-roledescription=\"slide\" aria-label=\"7 of 9\"><figure class=\"swiper-slide-inner\"><img decoding=\"async\" class=\"swiper-slide-image\" src=\"https:\/\/agavestyle.mx\/wp-content\/uploads\/2026\/02\/naipe-02-1024x1024.webp\" alt=\"naipe-02\" \/><\/figure><\/div><div class=\"swiper-slide\" role=\"group\" aria-roledescription=\"slide\" aria-label=\"8 of 9\"><figure class=\"swiper-slide-inner\"><img decoding=\"async\" class=\"swiper-slide-image\" src=\"https:\/\/agavestyle.mx\/wp-content\/uploads\/2026\/02\/naipe-07-1024x1024.webp\" alt=\"naipe-07\" \/><\/figure><\/div><div class=\"swiper-slide\" role=\"group\" aria-roledescription=\"slide\" aria-label=\"9 of 9\"><figure class=\"swiper-slide-inner\"><img decoding=\"async\" class=\"swiper-slide-image\" src=\"https:\/\/agavestyle.mx\/wp-content\/uploads\/2026\/02\/naipe-11-1024x1024.webp\" alt=\"naipe-11\" \/><\/figure><\/div>\t\t\t<\/div>\n\t\t\t\t\t\t\t\n\t\t\t\t\t\t\t\t\t<\/div>\n\t\t\t\t\t\t<\/div>\n\t\t\t\t<\/div>\n\t\t\t\t<\/div>\n\t\t\t\t\t<\/div>\n\t\t\t\t<\/div>\n\t\t<div class=\"elementor-element elementor-element-bec9feb e-flex e-con-boxed e-con e-parent\" data-id=\"bec9feb\" data-element_type=\"container\" data-e-type=\"container\" data-settings=\"{&quot;background_background&quot;:&quot;classic&quot;}\">\n\t\t\t\t\t<div class=\"e-con-inner\">\n\t\t\t\t<div class=\"elementor-element elementor-element-e4cd957 elementor-widget elementor-widget-heading\" data-id=\"e4cd957\" data-element_type=\"widget\" data-e-type=\"widget\" data-widget_type=\"heading.default\">\n\t\t\t\t<div class=\"elementor-widget-container\">\n\t\t\t\t\t<h2 class=\"elementor-heading-title elementor-size-default\">\u00a1Estamos m\u00e1s cerca de lo que imaginas!<\/h2>\t\t\t\t<\/div>\n\t\t\t\t<\/div>\n\t\t\t\t<div class=\"elementor-element elementor-element-e5d5177 elementor-widget elementor-widget-text-editor\" data-id=\"e5d5177\" data-element_type=\"widget\" data-e-type=\"widget\" data-widget_type=\"text-editor.default\">\n\t\t\t\t<div class=\"elementor-widget-container\">\n\t\t\t\t\t\t\t\t\t<p>Contamos con presencia en distintos puntos estrat\u00e9gicos para garantizar una distribuci\u00f3n r\u00e1pida, eficiente y segura. Nuestra red abarca m\u00faltiples ubicaciones, lo que nos permite llegar a ti sin importar d\u00f3nde te encuentres.<\/p><p>Confianza, rapidez y cobertura garantizadas, estamos donde nos necesitas.<\/p>\t\t\t\t\t\t\t\t<\/div>\n\t\t\t\t<\/div>\n\t\t\t\t\t<\/div>\n\t\t\t\t<\/div>\n\t\t<div class=\"elementor-element elementor-element-11cd4be e-flex e-con-boxed e-con e-parent\" data-id=\"11cd4be\" data-element_type=\"container\" data-e-type=\"container\" data-settings=\"{&quot;background_background&quot;:&quot;classic&quot;}\">\n\t\t\t\t\t<div class=\"e-con-inner\">\n\t\t<div class=\"elementor-element elementor-element-c677766 e-con-full e-flex e-con e-child\" data-id=\"c677766\" data-element_type=\"container\" data-e-type=\"container\">\n\t\t\t\t<div class=\"elementor-element elementor-element-b320d7c elementor-widget elementor-widget-heading\" data-id=\"b320d7c\" data-element_type=\"widget\" data-e-type=\"widget\" data-widget_type=\"heading.default\">\n\t\t\t\t<div class=\"elementor-widget-container\">\n\t\t\t\t\t<h2 class=\"elementor-heading-title elementor-size-default\">Nuestras <br>oficinas<\/h2>\t\t\t\t<\/div>\n\t\t\t\t<\/div>\n\t\t\t\t<div class=\"elementor-element elementor-element-b90fc0e elementor-widget elementor-widget-image\" data-id=\"b90fc0e\" data-element_type=\"widget\" data-e-type=\"widget\" data-widget_type=\"image.default\">\n\t\t\t\t<div class=\"elementor-widget-container\">\n\t\t\t\t\t\t\t\t\t\t\t\t\t\t\t<img fetchpriority=\"high\" decoding=\"async\" width=\"800\" height=\"419\" src=\"https:\/\/agavestyle.mx\/wp-content\/uploads\/2024\/12\/mapa1-1024x536.jpg\" class=\"attachment-large size-large wp-image-265\" alt=\"Agave Style\" srcset=\"https:\/\/agavestyle.mx\/wp-content\/uploads\/2024\/12\/mapa1-1024x536.jpg 1024w, https:\/\/agavestyle.mx\/wp-content\/uploads\/2024\/12\/mapa1-500x262.jpg 500w, https:\/\/agavestyle.mx\/wp-content\/uploads\/2024\/12\/mapa1-300x157.jpg 300w, https:\/\/agavestyle.mx\/wp-content\/uploads\/2024\/12\/mapa1-768x402.jpg 768w, https:\/\/agavestyle.mx\/wp-content\/uploads\/2024\/12\/mapa1-1536x805.jpg 1536w, https:\/\/agavestyle.mx\/wp-content\/uploads\/2024\/12\/mapa1.jpg 1596w\" sizes=\"(max-width: 800px) 100vw, 800px\" \/>\t\t\t\t\t\t\t\t\t\t\t\t\t\t\t<\/div>\n\t\t\t\t<\/div>\n\t\t\t\t<\/div>\n\t\t<div class=\"elementor-element elementor-element-ba28eec e-con-full e-flex e-con e-child\" data-id=\"ba28eec\" data-element_type=\"container\" data-e-type=\"container\">\n\t\t\t\t<div class=\"elementor-element elementor-element-4270fd1 elementor-widget elementor-widget-heading\" data-id=\"4270fd1\" data-element_type=\"widget\" data-e-type=\"widget\" data-widget_type=\"heading.default\">\n\t\t\t\t<div class=\"elementor-widget-container\">\n\t\t\t\t\t<h2 class=\"elementor-heading-title elementor-size-default\">Contamos con distribuci\u00f3n en E.U.<\/h2>\t\t\t\t<\/div>\n\t\t\t\t<\/div>\n\t\t\t\t<div class=\"elementor-element elementor-element-3b342f8 elementor-widget elementor-widget-image\" data-id=\"3b342f8\" data-element_type=\"widget\" data-e-type=\"widget\" data-widget_type=\"image.default\">\n\t\t\t\t<div class=\"elementor-widget-container\">\n\t\t\t\t\t\t\t\t\t\t\t\t\t\t\t<img decoding=\"async\" width=\"800\" height=\"453\" src=\"https:\/\/agavestyle.mx\/wp-content\/uploads\/2024\/12\/Distribucion-en-eu-1024x580.jpg\" class=\"attachment-large size-large wp-image-267\" alt=\"Agave Style\" srcset=\"https:\/\/agavestyle.mx\/wp-content\/uploads\/2024\/12\/Distribucion-en-eu-1024x580.jpg 1024w, https:\/\/agavestyle.mx\/wp-content\/uploads\/2024\/12\/Distribucion-en-eu-500x283.jpg 500w, https:\/\/agavestyle.mx\/wp-content\/uploads\/2024\/12\/Distribucion-en-eu-300x170.jpg 300w, https:\/\/agavestyle.mx\/wp-content\/uploads\/2024\/12\/Distribucion-en-eu-768x435.jpg 768w, https:\/\/agavestyle.mx\/wp-content\/uploads\/2024\/12\/Distribucion-en-eu.jpg 1476w\" sizes=\"(max-width: 800px) 100vw, 800px\" \/>\t\t\t\t\t\t\t\t\t\t\t\t\t\t\t<\/div>\n\t\t\t\t<\/div>\n\t\t\t\t<\/div>\n\t\t<div class=\"elementor-element elementor-element-7c5f381 e-con-full e-flex e-con e-child\" data-id=\"7c5f381\" data-element_type=\"container\" data-e-type=\"container\">\n\t\t\t\t<div class=\"elementor-element elementor-element-273fe1d elementor-widget elementor-widget-heading\" data-id=\"273fe1d\" data-element_type=\"widget\" data-e-type=\"widget\" data-widget_type=\"heading.default\">\n\t\t\t\t<div class=\"elementor-widget-container\">\n\t\t\t\t\t<h2 class=\"elementor-heading-title elementor-size-default\">Tambi\u00e9n distribuci\u00f3n mundial.<\/h2>\t\t\t\t<\/div>\n\t\t\t\t<\/div>\n\t\t\t\t<div class=\"elementor-element elementor-element-a92611e elementor-widget elementor-widget-image\" data-id=\"a92611e\" data-element_type=\"widget\" data-e-type=\"widget\" data-widget_type=\"image.default\">\n\t\t\t\t<div class=\"elementor-widget-container\">\n\t\t\t\t\t\t\t\t\t\t\t\t\t\t\t<img decoding=\"async\" width=\"800\" height=\"453\" src=\"https:\/\/agavestyle.mx\/wp-content\/uploads\/2024\/12\/Mundial-1024x580.jpg\" class=\"attachment-large size-large wp-image-268\" alt=\"Agave Style\" srcset=\"https:\/\/agavestyle.mx\/wp-content\/uploads\/2024\/12\/Mundial-1024x580.jpg 1024w, https:\/\/agavestyle.mx\/wp-content\/uploads\/2024\/12\/Mundial-500x283.jpg 500w, https:\/\/agavestyle.mx\/wp-content\/uploads\/2024\/12\/Mundial-300x170.jpg 300w, https:\/\/agavestyle.mx\/wp-content\/uploads\/2024\/12\/Mundial-768x435.jpg 768w, https:\/\/agavestyle.mx\/wp-content\/uploads\/2024\/12\/Mundial.jpg 1502w\" sizes=\"(max-width: 800px) 100vw, 800px\" \/>\t\t\t\t\t\t\t\t\t\t\t\t\t\t\t<\/div>\n\t\t\t\t<\/div>\n\t\t\t\t<\/div>\n\t\t\t\t\t<\/div>\n\t\t\t\t<\/div>\n\t\t\t\t<\/div>\n\t\t","protected":false},"excerpt":{"rendered":"<p>\u00a1Queremos saber de ti! Si tienes alguna duda, comentario o simplemente deseas m\u00e1s informaci\u00f3n, te invitamos a ponerte en contacto con nosotros. Es f\u00e1cil, r\u00e1pido y estamos listos para atenderte. \u00a1Estamos m\u00e1s cerca de lo que imaginas! Contamos con presencia en distintos puntos estrat\u00e9gicos para garantizar una distribuci\u00f3n r\u00e1pida, eficiente y segura. Nuestra red abarca [&hellip;]<\/p>\n","protected":false},"author":1,"featured_media":0,"parent":0,"menu_order":0,"comment_status":"closed","ping_status":"closed","template":"elementor_header_footer","meta":{"footnotes":""},"class_list":["post-263","page","type-page","status-publish","hentry"],"yoast_head":"<!-- This site is optimized with the Yoast SEO plugin v27.5 - https:\/\/yoast.com\/product\/yoast-seo-wordpress\/ -->\n<title>Cont\u00e1ctanos - Agave Style<\/title>\n<meta name=\"robots\" content=\"index, follow, max-snippet:-1, max-image-preview:large, max-video-preview:-1\" \/>\n<link rel=\"canonical\" href=\"https:\/\/agavestyle.mx\/en\/contactanos\/\" \/>\n<meta property=\"og:locale\" content=\"en_US\" \/>\n<meta property=\"og:type\" content=\"article\" \/>\n<meta property=\"og:title\" content=\"Cont\u00e1ctanos - Agave Style\" \/>\n<meta property=\"og:description\" content=\"\u00a1Queremos saber de ti! Si tienes alguna duda, comentario o simplemente deseas m\u00e1s informaci\u00f3n, te invitamos a ponerte en contacto con nosotros. Es f\u00e1cil, r\u00e1pido y estamos listos para atenderte. \u00a1Estamos m\u00e1s cerca de lo que imaginas! Contamos con presencia en distintos puntos estrat\u00e9gicos para garantizar una distribuci\u00f3n r\u00e1pida, eficiente y segura. Nuestra red abarca [&hellip;]\" \/>\n<meta property=\"og:url\" content=\"https:\/\/agavestyle.mx\/en\/contactanos\/\" \/>\n<meta property=\"og:site_name\" content=\"Agave Style\" \/>\n<meta property=\"article:publisher\" content=\"https:\/\/www.facebook.com\/styleagave\" \/>\n<meta property=\"article:modified_time\" content=\"2026-02-25T00:37:50+00:00\" \/>\n<meta property=\"og:image\" content=\"https:\/\/agavestyle.mx\/wp-content\/uploads\/2026\/02\/la-luna-05-1024x1024.webp\" \/>\n<meta name=\"twitter:card\" content=\"summary_large_image\" \/>\n<meta name=\"twitter:label1\" content=\"Est. reading time\" \/>\n\t<meta name=\"twitter:data1\" content=\"4 minutes\" \/>\n<script type=\"application\/ld+json\" class=\"yoast-schema-graph\">{\"@context\":\"https:\\\/\\\/schema.org\",\"@graph\":[{\"@type\":\"WebPage\",\"@id\":\"https:\\\/\\\/agavestyle.mx\\\/contactanos\\\/\",\"url\":\"https:\\\/\\\/agavestyle.mx\\\/contactanos\\\/\",\"name\":\"Cont\u00e1ctanos - Agave Style\",\"isPartOf\":{\"@id\":\"https:\\\/\\\/agavestyle.mx\\\/#website\"},\"primaryImageOfPage\":{\"@id\":\"https:\\\/\\\/agavestyle.mx\\\/contactanos\\\/#primaryimage\"},\"image\":{\"@id\":\"https:\\\/\\\/agavestyle.mx\\\/contactanos\\\/#primaryimage\"},\"thumbnailUrl\":\"https:\\\/\\\/agavestyle.mx\\\/wp-content\\\/uploads\\\/2026\\\/02\\\/la-luna-05-1024x1024.webp\",\"datePublished\":\"2024-12-10T01:52:38+00:00\",\"dateModified\":\"2026-02-25T00:37:50+00:00\",\"breadcrumb\":{\"@id\":\"https:\\\/\\\/agavestyle.mx\\\/contactanos\\\/#breadcrumb\"},\"inLanguage\":\"en-US\",\"potentialAction\":[{\"@type\":\"ReadAction\",\"target\":[\"https:\\\/\\\/agavestyle.mx\\\/contactanos\\\/\"]}]},{\"@type\":\"ImageObject\",\"inLanguage\":\"en-US\",\"@id\":\"https:\\\/\\\/agavestyle.mx\\\/contactanos\\\/#primaryimage\",\"url\":\"https:\\\/\\\/agavestyle.mx\\\/wp-content\\\/uploads\\\/2026\\\/02\\\/la-luna-05-1024x1024.webp\",\"contentUrl\":\"https:\\\/\\\/agavestyle.mx\\\/wp-content\\\/uploads\\\/2026\\\/02\\\/la-luna-05-1024x1024.webp\"},{\"@type\":\"BreadcrumbList\",\"@id\":\"https:\\\/\\\/agavestyle.mx\\\/contactanos\\\/#breadcrumb\",\"itemListElement\":[{\"@type\":\"ListItem\",\"position\":1,\"name\":\"Portada\",\"item\":\"https:\\\/\\\/agavestyle.mx\\\/\"},{\"@type\":\"ListItem\",\"position\":2,\"name\":\"Cont\u00e1ctanos\"}]},{\"@type\":\"WebSite\",\"@id\":\"https:\\\/\\\/agavestyle.mx\\\/#website\",\"url\":\"https:\\\/\\\/agavestyle.mx\\\/\",\"name\":\"Agave Style\",\"description\":\"\",\"publisher\":{\"@id\":\"https:\\\/\\\/agavestyle.mx\\\/#organization\"},\"potentialAction\":[{\"@type\":\"SearchAction\",\"target\":{\"@type\":\"EntryPoint\",\"urlTemplate\":\"https:\\\/\\\/agavestyle.mx\\\/?s={search_term_string}\"},\"query-input\":{\"@type\":\"PropertyValueSpecification\",\"valueRequired\":true,\"valueName\":\"search_term_string\"}}],\"inLanguage\":\"en-US\"},{\"@type\":\"Organization\",\"@id\":\"https:\\\/\\\/agavestyle.mx\\\/#organization\",\"name\":\"Agave Style\",\"url\":\"https:\\\/\\\/agavestyle.mx\\\/\",\"logo\":{\"@type\":\"ImageObject\",\"inLanguage\":\"en-US\",\"@id\":\"https:\\\/\\\/agavestyle.mx\\\/#\\\/schema\\\/logo\\\/image\\\/\",\"url\":\"https:\\\/\\\/agavestyle.mx\\\/wp-content\\\/uploads\\\/2024\\\/11\\\/Grupo-74@2x.png\",\"contentUrl\":\"https:\\\/\\\/agavestyle.mx\\\/wp-content\\\/uploads\\\/2024\\\/11\\\/Grupo-74@2x.png\",\"width\":861,\"height\":540,\"caption\":\"Agave Style\"},\"image\":{\"@id\":\"https:\\\/\\\/agavestyle.mx\\\/#\\\/schema\\\/logo\\\/image\\\/\"},\"sameAs\":[\"https:\\\/\\\/www.facebook.com\\\/styleagave\",\"https:\\\/\\\/www.instagram.com\\\/agavestyle.mx\\\/?hl=es\"]}]}<\/script>\n<!-- \/ Yoast SEO plugin. -->","yoast_head_json":{"title":"Cont\u00e1ctanos - Agave Style","robots":{"index":"index","follow":"follow","max-snippet":"max-snippet:-1","max-image-preview":"max-image-preview:large","max-video-preview":"max-video-preview:-1"},"canonical":"https:\/\/agavestyle.mx\/en\/contactanos\/","og_locale":"en_US","og_type":"article","og_title":"Cont\u00e1ctanos - Agave Style","og_description":"\u00a1Queremos saber de ti! Si tienes alguna duda, comentario o simplemente deseas m\u00e1s informaci\u00f3n, te invitamos a ponerte en contacto con nosotros. Es f\u00e1cil, r\u00e1pido y estamos listos para atenderte. \u00a1Estamos m\u00e1s cerca de lo que imaginas! Contamos con presencia en distintos puntos estrat\u00e9gicos para garantizar una distribuci\u00f3n r\u00e1pida, eficiente y segura. Nuestra red abarca [&hellip;]","og_url":"https:\/\/agavestyle.mx\/en\/contactanos\/","og_site_name":"Agave Style","article_publisher":"https:\/\/www.facebook.com\/styleagave","article_modified_time":"2026-02-25T00:37:50+00:00","og_image":[{"url":"https:\/\/agavestyle.mx\/wp-content\/uploads\/2026\/02\/la-luna-05-1024x1024.webp","type":"","width":"","height":""}],"twitter_card":"summary_large_image","twitter_misc":{"Est. reading time":"4 minutes"},"schema":{"@context":"https:\/\/schema.org","@graph":[{"@type":"WebPage","@id":"https:\/\/agavestyle.mx\/contactanos\/","url":"https:\/\/agavestyle.mx\/contactanos\/","name":"Cont\u00e1ctanos - Agave Style","isPartOf":{"@id":"https:\/\/agavestyle.mx\/#website"},"primaryImageOfPage":{"@id":"https:\/\/agavestyle.mx\/contactanos\/#primaryimage"},"image":{"@id":"https:\/\/agavestyle.mx\/contactanos\/#primaryimage"},"thumbnailUrl":"https:\/\/agavestyle.mx\/wp-content\/uploads\/2026\/02\/la-luna-05-1024x1024.webp","datePublished":"2024-12-10T01:52:38+00:00","dateModified":"2026-02-25T00:37:50+00:00","breadcrumb":{"@id":"https:\/\/agavestyle.mx\/contactanos\/#breadcrumb"},"inLanguage":"en-US","potentialAction":[{"@type":"ReadAction","target":["https:\/\/agavestyle.mx\/contactanos\/"]}]},{"@type":"ImageObject","inLanguage":"en-US","@id":"https:\/\/agavestyle.mx\/contactanos\/#primaryimage","url":"https:\/\/agavestyle.mx\/wp-content\/uploads\/2026\/02\/la-luna-05-1024x1024.webp","contentUrl":"https:\/\/agavestyle.mx\/wp-content\/uploads\/2026\/02\/la-luna-05-1024x1024.webp"},{"@type":"BreadcrumbList","@id":"https:\/\/agavestyle.mx\/contactanos\/#breadcrumb","itemListElement":[{"@type":"ListItem","position":1,"name":"Portada","item":"https:\/\/agavestyle.mx\/"},{"@type":"ListItem","position":2,"name":"Cont\u00e1ctanos"}]},{"@type":"WebSite","@id":"https:\/\/agavestyle.mx\/#website","url":"https:\/\/agavestyle.mx\/","name":"Agave Style","description":"","publisher":{"@id":"https:\/\/agavestyle.mx\/#organization"},"potentialAction":[{"@type":"SearchAction","target":{"@type":"EntryPoint","urlTemplate":"https:\/\/agavestyle.mx\/?s={search_term_string}"},"query-input":{"@type":"PropertyValueSpecification","valueRequired":true,"valueName":"search_term_string"}}],"inLanguage":"en-US"},{"@type":"Organization","@id":"https:\/\/agavestyle.mx\/#organization","name":"Agave Style","url":"https:\/\/agavestyle.mx\/","logo":{"@type":"ImageObject","inLanguage":"en-US","@id":"https:\/\/agavestyle.mx\/#\/schema\/logo\/image\/","url":"https:\/\/agavestyle.mx\/wp-content\/uploads\/2024\/11\/Grupo-74@2x.png","contentUrl":"https:\/\/agavestyle.mx\/wp-content\/uploads\/2024\/11\/Grupo-74@2x.png","width":861,"height":540,"caption":"Agave Style"},"image":{"@id":"https:\/\/agavestyle.mx\/#\/schema\/logo\/image\/"},"sameAs":["https:\/\/www.facebook.com\/styleagave","https:\/\/www.instagram.com\/agavestyle.mx\/?hl=es"]}]}},"_links":{"self":[{"href":"https:\/\/agavestyle.mx\/en\/wp-json\/wp\/v2\/pages\/263","targetHints":{"allow":["GET"]}}],"collection":[{"href":"https:\/\/agavestyle.mx\/en\/wp-json\/wp\/v2\/pages"}],"about":[{"href":"https:\/\/agavestyle.mx\/en\/wp-json\/wp\/v2\/types\/page"}],"author":[{"embeddable":true,"href":"https:\/\/agavestyle.mx\/en\/wp-json\/wp\/v2\/users\/1"}],"replies":[{"embeddable":true,"href":"https:\/\/agavestyle.mx\/en\/wp-json\/wp\/v2\/comments?post=263"}],"version-history":[{"count":70,"href":"https:\/\/agavestyle.mx\/en\/wp-json\/wp\/v2\/pages\/263\/revisions"}],"predecessor-version":[{"id":5376,"href":"https:\/\/agavestyle.mx\/en\/wp-json\/wp\/v2\/pages\/263\/revisions\/5376"}],"wp:attachment":[{"href":"https:\/\/agavestyle.mx\/en\/wp-json\/wp\/v2\/media?parent=263"}],"curies":[{"name":"wp","href":"https:\/\/api.w.org\/{rel}","templated":true}]}}