{"id":235,"date":"2024-12-09T22:57:01","date_gmt":"2024-12-09T22:57:01","guid":{"rendered":"https:\/\/agavestyle.mx\/?page_id=235"},"modified":"2025-11-11T22:38:56","modified_gmt":"2025-11-11T22:38:56","slug":"nuestras-marcas","status":"publish","type":"page","link":"https:\/\/agavestyle.mx\/en\/nuestras-marcas\/","title":{"rendered":"Our Brands"},"content":{"rendered":"<div data-elementor-type=\"wp-page\" data-elementor-id=\"235\" class=\"elementor elementor-235\" data-elementor-post-type=\"page\">\n\t\t\t\t<div class=\"elementor-element elementor-element-5efa0b3 e-flex e-con-boxed e-con e-parent\" data-id=\"5efa0b3\" data-element_type=\"container\" data-e-type=\"container\">\n\t\t\t\t\t<div class=\"e-con-inner\">\n\t\t<div class=\"elementor-element elementor-element-b8eae0e e-con-full e-flex e-con e-child\" data-id=\"b8eae0e\" data-element_type=\"container\" data-e-type=\"container\">\n\t\t\t\t<div class=\"elementor-element elementor-element-e5e47a5 elementor-widget elementor-widget-heading\" data-id=\"e5e47a5\" data-element_type=\"widget\" data-e-type=\"widget\" data-widget_type=\"heading.default\">\n\t\t\t\t<div class=\"elementor-widget-container\">\n\t\t\t\t\t<h2 class=\"elementor-heading-title elementor-size-default\">Discover the full family!<\/h2>\t\t\t\t<\/div>\n\t\t\t\t<\/div>\n\t\t\t\t<div class=\"elementor-element elementor-element-029be98 elementor-widget elementor-widget-text-editor\" data-id=\"029be98\" data-element_type=\"widget\" data-e-type=\"widget\" data-widget_type=\"text-editor.default\">\n\t\t\t\t<div class=\"elementor-widget-container\">\n\t\t\t\t\t\t\t\t\t<p class=\"translation-block\">At <strong>Agave Style<\/strong>, we are proud to offer our unique brands, designed to meet all your needs and exceed your expectations. Each one has its own style, essence, and purpose, but they all share the same commitment: quality and excellence.<\/p>\t\t\t\t\t\t\t\t<\/div>\n\t\t\t\t<\/div>\n\t\t\t\t<\/div>\n\t\t\t\t\t<\/div>\n\t\t\t\t<\/div>\n\t\t<div class=\"elementor-element elementor-element-c402b4b e-flex e-con-boxed e-con e-parent\" data-id=\"c402b4b\" data-element_type=\"container\" data-e-type=\"container\" data-settings=\"{&quot;background_background&quot;:&quot;classic&quot;}\">\n\t\t\t\t\t<div class=\"e-con-inner\">\n\t\t<div class=\"elementor-element elementor-element-b029e92 e-grid e-con-boxed e-con e-child\" data-id=\"b029e92\" data-element_type=\"container\" data-e-type=\"container\">\n\t\t\t\t\t<div class=\"e-con-inner\">\n\t\t<div class=\"elementor-element elementor-element-307aa5c e-con-full e-flex e-con e-child\" data-id=\"307aa5c\" data-element_type=\"container\" data-e-type=\"container\" data-settings=\"{&quot;background_background&quot;:&quot;classic&quot;}\">\n\t\t\t\t<div class=\"elementor-element elementor-element-6aa31e9 elementor-widget elementor-widget-image\" data-id=\"6aa31e9\" data-element_type=\"widget\" data-e-type=\"widget\" data-widget_type=\"image.default\">\n\t\t\t\t<div class=\"elementor-widget-container\">\n\t\t\t\t\t\t\t\t\t\t\t\t\t\t\t\t<a href=\"https:\/\/agavestyle.mx\/en\/la-luna\/\">\n\t\t\t\t\t\t\t<img fetchpriority=\"high\" decoding=\"async\" width=\"800\" height=\"596\" src=\"https:\/\/agavestyle.mx\/wp-content\/uploads\/2024\/12\/LunaColor-02-1024x763.png\" class=\"attachment-large size-large wp-image-2120\" alt=\"Agave Style\" srcset=\"https:\/\/agavestyle.mx\/wp-content\/uploads\/2024\/12\/LunaColor-02-1024x763.png 1024w, https:\/\/agavestyle.mx\/wp-content\/uploads\/2024\/12\/LunaColor-02-500x373.png 500w, https:\/\/agavestyle.mx\/wp-content\/uploads\/2024\/12\/LunaColor-02-300x224.png 300w, https:\/\/agavestyle.mx\/wp-content\/uploads\/2024\/12\/LunaColor-02-768x573.png 768w, https:\/\/agavestyle.mx\/wp-content\/uploads\/2024\/12\/LunaColor-02-e1740689149365.png 600w\" sizes=\"(max-width: 800px) 100vw, 800px\" \/>\t\t\t\t\t\t\t\t<\/a>\n\t\t\t\t\t\t\t\t\t\t\t\t\t\t\t<\/div>\n\t\t\t\t<\/div>\n\t\t\t\t<\/div>\n\t\t<div class=\"elementor-element elementor-element-103f0f9 e-con-full e-flex e-con e-child\" data-id=\"103f0f9\" data-element_type=\"container\" data-e-type=\"container\" data-settings=\"{&quot;background_background&quot;:&quot;classic&quot;}\">\n\t\t\t\t<div class=\"elementor-element elementor-element-18bba2c elementor-widget elementor-widget-image\" data-id=\"18bba2c\" data-element_type=\"widget\" data-e-type=\"widget\" data-widget_type=\"image.default\">\n\t\t\t\t<div class=\"elementor-widget-container\">\n\t\t\t\t\t\t\t\t\t\t\t\t\t\t\t\t<a href=\"https:\/\/agavestyle.mx\/en\/sierpe\/\">\n\t\t\t\t\t\t\t<img decoding=\"async\" width=\"800\" height=\"434\" src=\"https:\/\/agavestyle.mx\/wp-content\/uploads\/2024\/12\/Color_Mesa-de-trabajo-1-1024x556.png\" class=\"attachment-large size-large wp-image-2105\" alt=\"Sierpe Negra Mezcal\" srcset=\"https:\/\/agavestyle.mx\/wp-content\/uploads\/2024\/12\/Color_Mesa-de-trabajo-1-1024x556.png 1024w, https:\/\/agavestyle.mx\/wp-content\/uploads\/2024\/12\/Color_Mesa-de-trabajo-1-500x271.png 500w, https:\/\/agavestyle.mx\/wp-content\/uploads\/2024\/12\/Color_Mesa-de-trabajo-1-300x163.png 300w, https:\/\/agavestyle.mx\/wp-content\/uploads\/2024\/12\/Color_Mesa-de-trabajo-1-768x417.png 768w, https:\/\/agavestyle.mx\/wp-content\/uploads\/2024\/12\/Color_Mesa-de-trabajo-1-1536x834.png 1536w, https:\/\/agavestyle.mx\/wp-content\/uploads\/2024\/12\/Color_Mesa-de-trabajo-1-e1740701085111.png 600w\" sizes=\"(max-width: 800px) 100vw, 800px\" \/>\t\t\t\t\t\t\t\t<\/a>\n\t\t\t\t\t\t\t\t\t\t\t\t\t\t\t<\/div>\n\t\t\t\t<\/div>\n\t\t\t\t<\/div>\n\t\t<div class=\"elementor-element elementor-element-e554638 e-con-full e-flex e-con e-child\" data-id=\"e554638\" data-element_type=\"container\" data-e-type=\"container\" data-settings=\"{&quot;background_background&quot;:&quot;classic&quot;}\">\n\t\t\t\t<div class=\"elementor-element elementor-element-199ac4b elementor-widget elementor-widget-image\" data-id=\"199ac4b\" data-element_type=\"widget\" data-e-type=\"widget\" data-widget_type=\"image.default\">\n\t\t\t\t<div class=\"elementor-widget-container\">\n\t\t\t\t\t\t\t\t\t\t\t\t\t\t\t\t<a href=\"https:\/\/agavestyle.mx\/en\/gran-dovejo\/\">\n\t\t\t\t\t\t\t<img decoding=\"async\" width=\"524\" height=\"397\" src=\"https:\/\/agavestyle.mx\/wp-content\/uploads\/2024\/12\/grandovejologo.png\" class=\"attachment-large size-large wp-image-338\" alt=\"Agave Style\" srcset=\"https:\/\/agavestyle.mx\/wp-content\/uploads\/2024\/12\/grandovejologo.png 524w, https:\/\/agavestyle.mx\/wp-content\/uploads\/2024\/12\/grandovejologo-500x379.png 500w, https:\/\/agavestyle.mx\/wp-content\/uploads\/2024\/12\/grandovejologo-300x227.png 300w\" sizes=\"(max-width: 524px) 100vw, 524px\" \/>\t\t\t\t\t\t\t\t<\/a>\n\t\t\t\t\t\t\t\t\t\t\t\t\t\t\t<\/div>\n\t\t\t\t<\/div>\n\t\t\t\t<\/div>\n\t\t<div class=\"elementor-element elementor-element-791c356 e-con-full e-flex e-con e-child\" data-id=\"791c356\" data-element_type=\"container\" data-e-type=\"container\" data-settings=\"{&quot;background_background&quot;:&quot;classic&quot;}\">\n\t\t\t\t<div class=\"elementor-element elementor-element-d3b5fad elementor-widget elementor-widget-image\" data-id=\"d3b5fad\" data-element_type=\"widget\" data-e-type=\"widget\" data-widget_type=\"image.default\">\n\t\t\t\t<div class=\"elementor-widget-container\">\n\t\t\t\t\t\t\t\t\t\t\t\t\t\t\t\t<a href=\"https:\/\/agavestyle.mx\/en\/puesto\/\">\n\t\t\t\t\t\t\t<img loading=\"lazy\" decoding=\"async\" width=\"544\" height=\"360\" src=\"https:\/\/agavestyle.mx\/wp-content\/uploads\/2024\/12\/puestologo.png\" class=\"attachment-large size-large wp-image-339\" alt=\"Agave Style\" srcset=\"https:\/\/agavestyle.mx\/wp-content\/uploads\/2024\/12\/puestologo.png 544w, https:\/\/agavestyle.mx\/wp-content\/uploads\/2024\/12\/puestologo-500x331.png 500w, https:\/\/agavestyle.mx\/wp-content\/uploads\/2024\/12\/puestologo-300x199.png 300w\" sizes=\"(max-width: 544px) 100vw, 544px\" \/>\t\t\t\t\t\t\t\t<\/a>\n\t\t\t\t\t\t\t\t\t\t\t\t\t\t\t<\/div>\n\t\t\t\t<\/div>\n\t\t\t\t<\/div>\n\t\t<div class=\"elementor-element elementor-element-46eb8e5 e-con-full e-flex e-con e-child\" data-id=\"46eb8e5\" data-element_type=\"container\" data-e-type=\"container\" data-settings=\"{&quot;background_background&quot;:&quot;classic&quot;}\">\n\t\t\t\t<div class=\"elementor-element elementor-element-4f3c993 elementor-widget elementor-widget-image\" data-id=\"4f3c993\" data-element_type=\"widget\" data-e-type=\"widget\" data-widget_type=\"image.default\">\n\t\t\t\t<div class=\"elementor-widget-container\">\n\t\t\t\t\t\t\t\t\t\t\t\t\t\t\t\t<a href=\"https:\/\/agavestyle.mx\/en\/gustoso\/\">\n\t\t\t\t\t\t\t<img loading=\"lazy\" decoding=\"async\" width=\"800\" height=\"249\" src=\"https:\/\/agavestyle.mx\/wp-content\/uploads\/2024\/12\/gustosologo.png\" class=\"attachment-large size-large wp-image-340\" alt=\"\" srcset=\"https:\/\/agavestyle.mx\/wp-content\/uploads\/2024\/12\/gustosologo.png 813w, https:\/\/agavestyle.mx\/wp-content\/uploads\/2024\/12\/gustosologo-500x156.png 500w, https:\/\/agavestyle.mx\/wp-content\/uploads\/2024\/12\/gustosologo-300x93.png 300w, https:\/\/agavestyle.mx\/wp-content\/uploads\/2024\/12\/gustosologo-768x239.png 768w\" sizes=\"(max-width: 800px) 100vw, 800px\" \/>\t\t\t\t\t\t\t\t<\/a>\n\t\t\t\t\t\t\t\t\t\t\t\t\t\t\t<\/div>\n\t\t\t\t<\/div>\n\t\t\t\t<\/div>\n\t\t<div class=\"elementor-element elementor-element-8c7676b e-con-full e-flex e-con e-child\" data-id=\"8c7676b\" data-element_type=\"container\" data-e-type=\"container\" data-settings=\"{&quot;background_background&quot;:&quot;classic&quot;}\">\n\t\t\t\t<div class=\"elementor-element elementor-element-f884094 elementor-widget elementor-widget-image\" data-id=\"f884094\" data-element_type=\"widget\" data-e-type=\"widget\" data-widget_type=\"image.default\">\n\t\t\t\t<div class=\"elementor-widget-container\">\n\t\t\t\t\t\t\t\t\t\t\t\t\t\t\t\t<a href=\"https:\/\/agavestyle.mx\/en\/naipe\/\">\n\t\t\t\t\t\t\t<img loading=\"lazy\" decoding=\"async\" width=\"760\" height=\"202\" src=\"https:\/\/agavestyle.mx\/wp-content\/uploads\/2024\/12\/naipelogo.png\" class=\"attachment-large size-large wp-image-341\" alt=\"Agave Style\" srcset=\"https:\/\/agavestyle.mx\/wp-content\/uploads\/2024\/12\/naipelogo.png 760w, https:\/\/agavestyle.mx\/wp-content\/uploads\/2024\/12\/naipelogo-500x133.png 500w, https:\/\/agavestyle.mx\/wp-content\/uploads\/2024\/12\/naipelogo-300x80.png 300w\" sizes=\"(max-width: 760px) 100vw, 760px\" \/>\t\t\t\t\t\t\t\t<\/a>\n\t\t\t\t\t\t\t\t\t\t\t\t\t\t\t<\/div>\n\t\t\t\t<\/div>\n\t\t\t\t<\/div>\n\t\t\t\t\t<\/div>\n\t\t\t\t<\/div>\n\t\t\t\t\t<\/div>\n\t\t\t\t<\/div>\n\t\t\t\t<\/div>","protected":false},"excerpt":{"rendered":"<p>\u00a1Descubre la familia completa! En Agave Style, nos enorgullece ofrecerte nuestras marcas \u00fanicas, dise\u00f1adas para satisfacer todas tus necesidades y superar tus expectativas. Cada una tiene su propio estilo, esencia y prop\u00f3sito, pero todas comparten un mismo compromiso: calidad y excelencia.<\/p>","protected":false},"author":1,"featured_media":0,"parent":0,"menu_order":0,"comment_status":"closed","ping_status":"closed","template":"elementor_header_footer","meta":{"footnotes":""},"class_list":["post-235","page","type-page","status-publish","hentry"],"yoast_head":"<!-- This site is optimized with the Yoast SEO plugin v27.5 - https:\/\/yoast.com\/product\/yoast-seo-wordpress\/ -->\n<title>Nuestras Marcas - Agave Style<\/title>\n<meta name=\"robots\" content=\"index, follow, max-snippet:-1, max-image-preview:large, max-video-preview:-1\" \/>\n<link rel=\"canonical\" href=\"https:\/\/agavestyle.mx\/en\/nuestras-marcas\/\" \/>\n<meta property=\"og:locale\" content=\"en_US\" \/>\n<meta property=\"og:type\" content=\"article\" \/>\n<meta property=\"og:title\" content=\"Nuestras Marcas - Agave Style\" \/>\n<meta property=\"og:description\" content=\"\u00a1Descubre la familia completa! En Agave Style, nos enorgullece ofrecerte nuestras marcas \u00fanicas, dise\u00f1adas para satisfacer todas tus necesidades y superar tus expectativas. Cada una tiene su propio estilo, esencia y prop\u00f3sito, pero todas comparten un mismo compromiso: calidad y excelencia.\" \/>\n<meta property=\"og:url\" content=\"https:\/\/agavestyle.mx\/en\/nuestras-marcas\/\" \/>\n<meta property=\"og:site_name\" content=\"Agave Style\" \/>\n<meta property=\"article:publisher\" content=\"https:\/\/www.facebook.com\/styleagave\" \/>\n<meta property=\"article:modified_time\" content=\"2025-11-11T22:38:56+00:00\" \/>\n<meta property=\"og:image\" content=\"https:\/\/agavestyle.mx\/wp-content\/uploads\/2024\/12\/LunaColor-02-1024x763.png\" \/>\n<meta name=\"twitter:card\" content=\"summary_large_image\" \/>\n<script type=\"application\/ld+json\" class=\"yoast-schema-graph\">{\"@context\":\"https:\\\/\\\/schema.org\",\"@graph\":[{\"@type\":\"WebPage\",\"@id\":\"https:\\\/\\\/agavestyle.mx\\\/nuestras-marcas\\\/\",\"url\":\"https:\\\/\\\/agavestyle.mx\\\/nuestras-marcas\\\/\",\"name\":\"Nuestras Marcas - Agave Style\",\"isPartOf\":{\"@id\":\"https:\\\/\\\/agavestyle.mx\\\/#website\"},\"primaryImageOfPage\":{\"@id\":\"https:\\\/\\\/agavestyle.mx\\\/nuestras-marcas\\\/#primaryimage\"},\"image\":{\"@id\":\"https:\\\/\\\/agavestyle.mx\\\/nuestras-marcas\\\/#primaryimage\"},\"thumbnailUrl\":\"https:\\\/\\\/agavestyle.mx\\\/wp-content\\\/uploads\\\/2024\\\/12\\\/LunaColor-02-1024x763.png\",\"datePublished\":\"2024-12-09T22:57:01+00:00\",\"dateModified\":\"2025-11-11T22:38:56+00:00\",\"breadcrumb\":{\"@id\":\"https:\\\/\\\/agavestyle.mx\\\/nuestras-marcas\\\/#breadcrumb\"},\"inLanguage\":\"en-US\",\"potentialAction\":[{\"@type\":\"ReadAction\",\"target\":[\"https:\\\/\\\/agavestyle.mx\\\/nuestras-marcas\\\/\"]}]},{\"@type\":\"ImageObject\",\"inLanguage\":\"en-US\",\"@id\":\"https:\\\/\\\/agavestyle.mx\\\/nuestras-marcas\\\/#primaryimage\",\"url\":\"https:\\\/\\\/agavestyle.mx\\\/wp-content\\\/uploads\\\/2024\\\/12\\\/LunaColor-02-1024x763.png\",\"contentUrl\":\"https:\\\/\\\/agavestyle.mx\\\/wp-content\\\/uploads\\\/2024\\\/12\\\/LunaColor-02-1024x763.png\"},{\"@type\":\"BreadcrumbList\",\"@id\":\"https:\\\/\\\/agavestyle.mx\\\/nuestras-marcas\\\/#breadcrumb\",\"itemListElement\":[{\"@type\":\"ListItem\",\"position\":1,\"name\":\"Portada\",\"item\":\"https:\\\/\\\/agavestyle.mx\\\/\"},{\"@type\":\"ListItem\",\"position\":2,\"name\":\"Nuestras Marcas\"}]},{\"@type\":\"WebSite\",\"@id\":\"https:\\\/\\\/agavestyle.mx\\\/#website\",\"url\":\"https:\\\/\\\/agavestyle.mx\\\/\",\"name\":\"Agave Style\",\"description\":\"\",\"publisher\":{\"@id\":\"https:\\\/\\\/agavestyle.mx\\\/#organization\"},\"potentialAction\":[{\"@type\":\"SearchAction\",\"target\":{\"@type\":\"EntryPoint\",\"urlTemplate\":\"https:\\\/\\\/agavestyle.mx\\\/?s={search_term_string}\"},\"query-input\":{\"@type\":\"PropertyValueSpecification\",\"valueRequired\":true,\"valueName\":\"search_term_string\"}}],\"inLanguage\":\"en-US\"},{\"@type\":\"Organization\",\"@id\":\"https:\\\/\\\/agavestyle.mx\\\/#organization\",\"name\":\"Agave Style\",\"url\":\"https:\\\/\\\/agavestyle.mx\\\/\",\"logo\":{\"@type\":\"ImageObject\",\"inLanguage\":\"en-US\",\"@id\":\"https:\\\/\\\/agavestyle.mx\\\/#\\\/schema\\\/logo\\\/image\\\/\",\"url\":\"https:\\\/\\\/agavestyle.mx\\\/wp-content\\\/uploads\\\/2024\\\/11\\\/Grupo-74@2x.png\",\"contentUrl\":\"https:\\\/\\\/agavestyle.mx\\\/wp-content\\\/uploads\\\/2024\\\/11\\\/Grupo-74@2x.png\",\"width\":861,\"height\":540,\"caption\":\"Agave Style\"},\"image\":{\"@id\":\"https:\\\/\\\/agavestyle.mx\\\/#\\\/schema\\\/logo\\\/image\\\/\"},\"sameAs\":[\"https:\\\/\\\/www.facebook.com\\\/styleagave\",\"https:\\\/\\\/www.instagram.com\\\/agavestyle.mx\\\/?hl=es\"]}]}<\/script>\n<!-- \/ Yoast SEO plugin. -->","yoast_head_json":{"title":"Nuestras Marcas - Agave Style","robots":{"index":"index","follow":"follow","max-snippet":"max-snippet:-1","max-image-preview":"max-image-preview:large","max-video-preview":"max-video-preview:-1"},"canonical":"https:\/\/agavestyle.mx\/en\/nuestras-marcas\/","og_locale":"en_US","og_type":"article","og_title":"Nuestras Marcas - Agave Style","og_description":"\u00a1Descubre la familia completa! En Agave Style, nos enorgullece ofrecerte nuestras marcas \u00fanicas, dise\u00f1adas para satisfacer todas tus necesidades y superar tus expectativas. Cada una tiene su propio estilo, esencia y prop\u00f3sito, pero todas comparten un mismo compromiso: calidad y excelencia.","og_url":"https:\/\/agavestyle.mx\/en\/nuestras-marcas\/","og_site_name":"Agave Style","article_publisher":"https:\/\/www.facebook.com\/styleagave","article_modified_time":"2025-11-11T22:38:56+00:00","og_image":[{"url":"https:\/\/agavestyle.mx\/wp-content\/uploads\/2024\/12\/LunaColor-02-1024x763.png","type":"","width":"","height":""}],"twitter_card":"summary_large_image","schema":{"@context":"https:\/\/schema.org","@graph":[{"@type":"WebPage","@id":"https:\/\/agavestyle.mx\/nuestras-marcas\/","url":"https:\/\/agavestyle.mx\/nuestras-marcas\/","name":"Nuestras Marcas - Agave Style","isPartOf":{"@id":"https:\/\/agavestyle.mx\/#website"},"primaryImageOfPage":{"@id":"https:\/\/agavestyle.mx\/nuestras-marcas\/#primaryimage"},"image":{"@id":"https:\/\/agavestyle.mx\/nuestras-marcas\/#primaryimage"},"thumbnailUrl":"https:\/\/agavestyle.mx\/wp-content\/uploads\/2024\/12\/LunaColor-02-1024x763.png","datePublished":"2024-12-09T22:57:01+00:00","dateModified":"2025-11-11T22:38:56+00:00","breadcrumb":{"@id":"https:\/\/agavestyle.mx\/nuestras-marcas\/#breadcrumb"},"inLanguage":"en-US","potentialAction":[{"@type":"ReadAction","target":["https:\/\/agavestyle.mx\/nuestras-marcas\/"]}]},{"@type":"ImageObject","inLanguage":"en-US","@id":"https:\/\/agavestyle.mx\/nuestras-marcas\/#primaryimage","url":"https:\/\/agavestyle.mx\/wp-content\/uploads\/2024\/12\/LunaColor-02-1024x763.png","contentUrl":"https:\/\/agavestyle.mx\/wp-content\/uploads\/2024\/12\/LunaColor-02-1024x763.png"},{"@type":"BreadcrumbList","@id":"https:\/\/agavestyle.mx\/nuestras-marcas\/#breadcrumb","itemListElement":[{"@type":"ListItem","position":1,"name":"Portada","item":"https:\/\/agavestyle.mx\/"},{"@type":"ListItem","position":2,"name":"Nuestras Marcas"}]},{"@type":"WebSite","@id":"https:\/\/agavestyle.mx\/#website","url":"https:\/\/agavestyle.mx\/","name":"Agave Style","description":"","publisher":{"@id":"https:\/\/agavestyle.mx\/#organization"},"potentialAction":[{"@type":"SearchAction","target":{"@type":"EntryPoint","urlTemplate":"https:\/\/agavestyle.mx\/?s={search_term_string}"},"query-input":{"@type":"PropertyValueSpecification","valueRequired":true,"valueName":"search_term_string"}}],"inLanguage":"en-US"},{"@type":"Organization","@id":"https:\/\/agavestyle.mx\/#organization","name":"Agave Style","url":"https:\/\/agavestyle.mx\/","logo":{"@type":"ImageObject","inLanguage":"en-US","@id":"https:\/\/agavestyle.mx\/#\/schema\/logo\/image\/","url":"https:\/\/agavestyle.mx\/wp-content\/uploads\/2024\/11\/Grupo-74@2x.png","contentUrl":"https:\/\/agavestyle.mx\/wp-content\/uploads\/2024\/11\/Grupo-74@2x.png","width":861,"height":540,"caption":"Agave Style"},"image":{"@id":"https:\/\/agavestyle.mx\/#\/schema\/logo\/image\/"},"sameAs":["https:\/\/www.facebook.com\/styleagave","https:\/\/www.instagram.com\/agavestyle.mx\/?hl=es"]}]}},"_links":{"self":[{"href":"https:\/\/agavestyle.mx\/en\/wp-json\/wp\/v2\/pages\/235","targetHints":{"allow":["GET"]}}],"collection":[{"href":"https:\/\/agavestyle.mx\/en\/wp-json\/wp\/v2\/pages"}],"about":[{"href":"https:\/\/agavestyle.mx\/en\/wp-json\/wp\/v2\/types\/page"}],"author":[{"embeddable":true,"href":"https:\/\/agavestyle.mx\/en\/wp-json\/wp\/v2\/users\/1"}],"replies":[{"embeddable":true,"href":"https:\/\/agavestyle.mx\/en\/wp-json\/wp\/v2\/comments?post=235"}],"version-history":[{"count":73,"href":"https:\/\/agavestyle.mx\/en\/wp-json\/wp\/v2\/pages\/235\/revisions"}],"predecessor-version":[{"id":2967,"href":"https:\/\/agavestyle.mx\/en\/wp-json\/wp\/v2\/pages\/235\/revisions\/2967"}],"wp:attachment":[{"href":"https:\/\/agavestyle.mx\/en\/wp-json\/wp\/v2\/media?parent=235"}],"curies":[{"name":"wp","href":"https:\/\/api.w.org\/{rel}","templated":true}]}}