{"id":161,"date":"2024-12-04T01:50:20","date_gmt":"2024-12-04T01:50:20","guid":{"rendered":"https:\/\/agavestyle.mx\/mi-cuenta\/"},"modified":"2026-04-20T18:04:26","modified_gmt":"2026-04-20T18:04:26","slug":"mi-cuenta","status":"publish","type":"page","link":"https:\/\/agavestyle.mx\/en\/mi-cuenta\/","title":{"rendered":"Mi cuenta"},"content":{"rendered":"<div data-elementor-type=\"wp-page\" data-elementor-id=\"161\" class=\"elementor elementor-161\" data-elementor-post-type=\"page\">\n\t\t\t\t<div class=\"elementor-element elementor-element-31c3f61 e-flex e-con-boxed e-con e-parent\" data-id=\"31c3f61\" data-element_type=\"container\" data-e-type=\"container\">\n\t\t\t\t\t<div class=\"e-con-inner\">\n\t\t\t\t<div class=\"elementor-element elementor-element-d48a3ca e-my-account-tabs-vertical elementor-widget elementor-widget-woocommerce-my-account\" data-id=\"d48a3ca\" data-element_type=\"widget\" data-e-type=\"widget\" data-widget_type=\"woocommerce-my-account.default\">\n\t\t\t\t<div class=\"elementor-widget-container\">\n\t\t\t\t\t<div class=\"e-my-account-tab e-my-account-tab__\">\t\t\t<div class=\"woocommerce\"><\/div>\t\t<\/div>\n\t\t\t\t\t\t<\/div>\n\t\t\t\t<\/div>\n\t\t\t\t\t<\/div>\n\t\t\t\t<\/div>\n\t\t\t\t<\/div>","protected":false},"excerpt":{"rendered":"<p>Escritorio Pedidos Descargas Direcciones M\u00e9todos de pago Detalles de la cuenta Cerrar sesi\u00f3n Hola admin (\u00bfno eres admin? Cerrar sesi\u00f3n) Desde el escritorio de tu cuenta puedes ver tus pedidos recientes, gestionar tus direcciones de env\u00edo y facturaci\u00f3n y editar tu contrase\u00f1a y los detalles de tu cuenta.<\/p>","protected":false},"author":1,"featured_media":0,"parent":0,"menu_order":0,"comment_status":"closed","ping_status":"closed","template":"","meta":{"footnotes":""},"class_list":["post-161","page","type-page","status-publish","hentry"],"yoast_head":"<!-- This site is optimized with the Yoast SEO plugin v27.5 - https:\/\/yoast.com\/product\/yoast-seo-wordpress\/ -->\n<title>Mi cuenta - Agave Style<\/title>\n<meta name=\"robots\" content=\"index, follow, max-snippet:-1, max-image-preview:large, max-video-preview:-1\" \/>\n<link rel=\"canonical\" href=\"https:\/\/agavestyle.mx\/en\/mi-cuenta\/\" \/>\n<meta property=\"og:locale\" content=\"en_US\" \/>\n<meta property=\"og:type\" content=\"article\" \/>\n<meta property=\"og:title\" content=\"Mi cuenta - Agave Style\" \/>\n<meta property=\"og:description\" content=\"Escritorio Pedidos Descargas Direcciones M\u00e9todos de pago Detalles de la cuenta Cerrar sesi\u00f3n Hola admin (\u00bfno eres admin? Cerrar sesi\u00f3n) Desde el escritorio de tu cuenta puedes ver tus pedidos recientes, gestionar tus direcciones de env\u00edo y facturaci\u00f3n y editar tu contrase\u00f1a y los detalles de tu cuenta.\" \/>\n<meta property=\"og:url\" content=\"https:\/\/agavestyle.mx\/en\/mi-cuenta\/\" \/>\n<meta property=\"og:site_name\" content=\"Agave Style\" \/>\n<meta property=\"article:publisher\" content=\"https:\/\/www.facebook.com\/styleagave\" \/>\n<meta property=\"article:modified_time\" content=\"2026-04-20T18:04:26+00:00\" \/>\n<meta property=\"og:image\" content=\"https:\/\/agavestyle.mx\/wp-content\/uploads\/2024\/11\/Grupo-74@2x.png\" \/>\n\t<meta property=\"og:image:width\" content=\"861\" \/>\n\t<meta property=\"og:image:height\" content=\"540\" \/>\n\t<meta property=\"og:image:type\" content=\"image\/png\" \/>\n<meta name=\"twitter:card\" content=\"summary_large_image\" \/>\n<meta name=\"twitter:label1\" content=\"Est. reading time\" \/>\n\t<meta name=\"twitter:data1\" content=\"2 minutes\" \/>\n<script type=\"application\/ld+json\" class=\"yoast-schema-graph\">{\"@context\":\"https:\\\/\\\/schema.org\",\"@graph\":[{\"@type\":\"WebPage\",\"@id\":\"https:\\\/\\\/agavestyle.mx\\\/mi-cuenta\\\/\",\"url\":\"https:\\\/\\\/agavestyle.mx\\\/mi-cuenta\\\/\",\"name\":\"Mi cuenta - Agave Style\",\"isPartOf\":{\"@id\":\"https:\\\/\\\/agavestyle.mx\\\/#website\"},\"datePublished\":\"2024-12-04T01:50:20+00:00\",\"dateModified\":\"2026-04-20T18:04:26+00:00\",\"breadcrumb\":{\"@id\":\"https:\\\/\\\/agavestyle.mx\\\/mi-cuenta\\\/#breadcrumb\"},\"inLanguage\":\"en-US\",\"potentialAction\":[{\"@type\":\"ReadAction\",\"target\":[\"https:\\\/\\\/agavestyle.mx\\\/mi-cuenta\\\/\"]}]},{\"@type\":\"BreadcrumbList\",\"@id\":\"https:\\\/\\\/agavestyle.mx\\\/mi-cuenta\\\/#breadcrumb\",\"itemListElement\":[{\"@type\":\"ListItem\",\"position\":1,\"name\":\"Portada\",\"item\":\"https:\\\/\\\/agavestyle.mx\\\/\"},{\"@type\":\"ListItem\",\"position\":2,\"name\":\"Mi cuenta\"}]},{\"@type\":\"WebSite\",\"@id\":\"https:\\\/\\\/agavestyle.mx\\\/#website\",\"url\":\"https:\\\/\\\/agavestyle.mx\\\/\",\"name\":\"Agave Style\",\"description\":\"\",\"publisher\":{\"@id\":\"https:\\\/\\\/agavestyle.mx\\\/#organization\"},\"potentialAction\":[{\"@type\":\"SearchAction\",\"target\":{\"@type\":\"EntryPoint\",\"urlTemplate\":\"https:\\\/\\\/agavestyle.mx\\\/?s={search_term_string}\"},\"query-input\":{\"@type\":\"PropertyValueSpecification\",\"valueRequired\":true,\"valueName\":\"search_term_string\"}}],\"inLanguage\":\"en-US\"},{\"@type\":\"Organization\",\"@id\":\"https:\\\/\\\/agavestyle.mx\\\/#organization\",\"name\":\"Agave Style\",\"url\":\"https:\\\/\\\/agavestyle.mx\\\/\",\"logo\":{\"@type\":\"ImageObject\",\"inLanguage\":\"en-US\",\"@id\":\"https:\\\/\\\/agavestyle.mx\\\/#\\\/schema\\\/logo\\\/image\\\/\",\"url\":\"https:\\\/\\\/agavestyle.mx\\\/wp-content\\\/uploads\\\/2024\\\/11\\\/Grupo-74@2x.png\",\"contentUrl\":\"https:\\\/\\\/agavestyle.mx\\\/wp-content\\\/uploads\\\/2024\\\/11\\\/Grupo-74@2x.png\",\"width\":861,\"height\":540,\"caption\":\"Agave Style\"},\"image\":{\"@id\":\"https:\\\/\\\/agavestyle.mx\\\/#\\\/schema\\\/logo\\\/image\\\/\"},\"sameAs\":[\"https:\\\/\\\/www.facebook.com\\\/styleagave\",\"https:\\\/\\\/www.instagram.com\\\/agavestyle.mx\\\/?hl=es\"]}]}<\/script>\n<!-- \/ Yoast SEO plugin. -->","yoast_head_json":{"title":"Mi cuenta - Agave Style","robots":{"index":"index","follow":"follow","max-snippet":"max-snippet:-1","max-image-preview":"max-image-preview:large","max-video-preview":"max-video-preview:-1"},"canonical":"https:\/\/agavestyle.mx\/en\/mi-cuenta\/","og_locale":"en_US","og_type":"article","og_title":"Mi cuenta - Agave Style","og_description":"Escritorio Pedidos Descargas Direcciones M\u00e9todos de pago Detalles de la cuenta Cerrar sesi\u00f3n Hola admin (\u00bfno eres admin? Cerrar sesi\u00f3n) Desde el escritorio de tu cuenta puedes ver tus pedidos recientes, gestionar tus direcciones de env\u00edo y facturaci\u00f3n y editar tu contrase\u00f1a y los detalles de tu cuenta.","og_url":"https:\/\/agavestyle.mx\/en\/mi-cuenta\/","og_site_name":"Agave Style","article_publisher":"https:\/\/www.facebook.com\/styleagave","article_modified_time":"2026-04-20T18:04:26+00:00","og_image":[{"width":861,"height":540,"url":"https:\/\/agavestyle.mx\/wp-content\/uploads\/2024\/11\/Grupo-74@2x.png","type":"image\/png"}],"twitter_card":"summary_large_image","twitter_misc":{"Est. reading time":"2 minutes"},"schema":{"@context":"https:\/\/schema.org","@graph":[{"@type":"WebPage","@id":"https:\/\/agavestyle.mx\/mi-cuenta\/","url":"https:\/\/agavestyle.mx\/mi-cuenta\/","name":"Mi cuenta - Agave Style","isPartOf":{"@id":"https:\/\/agavestyle.mx\/#website"},"datePublished":"2024-12-04T01:50:20+00:00","dateModified":"2026-04-20T18:04:26+00:00","breadcrumb":{"@id":"https:\/\/agavestyle.mx\/mi-cuenta\/#breadcrumb"},"inLanguage":"en-US","potentialAction":[{"@type":"ReadAction","target":["https:\/\/agavestyle.mx\/mi-cuenta\/"]}]},{"@type":"BreadcrumbList","@id":"https:\/\/agavestyle.mx\/mi-cuenta\/#breadcrumb","itemListElement":[{"@type":"ListItem","position":1,"name":"Portada","item":"https:\/\/agavestyle.mx\/"},{"@type":"ListItem","position":2,"name":"Mi cuenta"}]},{"@type":"WebSite","@id":"https:\/\/agavestyle.mx\/#website","url":"https:\/\/agavestyle.mx\/","name":"Agave Style","description":"","publisher":{"@id":"https:\/\/agavestyle.mx\/#organization"},"potentialAction":[{"@type":"SearchAction","target":{"@type":"EntryPoint","urlTemplate":"https:\/\/agavestyle.mx\/?s={search_term_string}"},"query-input":{"@type":"PropertyValueSpecification","valueRequired":true,"valueName":"search_term_string"}}],"inLanguage":"en-US"},{"@type":"Organization","@id":"https:\/\/agavestyle.mx\/#organization","name":"Agave Style","url":"https:\/\/agavestyle.mx\/","logo":{"@type":"ImageObject","inLanguage":"en-US","@id":"https:\/\/agavestyle.mx\/#\/schema\/logo\/image\/","url":"https:\/\/agavestyle.mx\/wp-content\/uploads\/2024\/11\/Grupo-74@2x.png","contentUrl":"https:\/\/agavestyle.mx\/wp-content\/uploads\/2024\/11\/Grupo-74@2x.png","width":861,"height":540,"caption":"Agave Style"},"image":{"@id":"https:\/\/agavestyle.mx\/#\/schema\/logo\/image\/"},"sameAs":["https:\/\/www.facebook.com\/styleagave","https:\/\/www.instagram.com\/agavestyle.mx\/?hl=es"]}]}},"_links":{"self":[{"href":"https:\/\/agavestyle.mx\/en\/wp-json\/wp\/v2\/pages\/161","targetHints":{"allow":["GET"]}}],"collection":[{"href":"https:\/\/agavestyle.mx\/en\/wp-json\/wp\/v2\/pages"}],"about":[{"href":"https:\/\/agavestyle.mx\/en\/wp-json\/wp\/v2\/types\/page"}],"author":[{"embeddable":true,"href":"https:\/\/agavestyle.mx\/en\/wp-json\/wp\/v2\/users\/1"}],"replies":[{"embeddable":true,"href":"https:\/\/agavestyle.mx\/en\/wp-json\/wp\/v2\/comments?post=161"}],"version-history":[{"count":3,"href":"https:\/\/agavestyle.mx\/en\/wp-json\/wp\/v2\/pages\/161\/revisions"}],"predecessor-version":[{"id":6161,"href":"https:\/\/agavestyle.mx\/en\/wp-json\/wp\/v2\/pages\/161\/revisions\/6161"}],"wp:attachment":[{"href":"https:\/\/agavestyle.mx\/en\/wp-json\/wp\/v2\/media?parent=161"}],"curies":[{"name":"wp","href":"https:\/\/api.w.org\/{rel}","templated":true}]}}